{"id":446,"date":"2025-03-25T23:00:23","date_gmt":"2025-03-25T22:00:23","guid":{"rendered":"https:\/\/edielevator.com\/kontakt\/"},"modified":"2025-03-31T15:40:04","modified_gmt":"2025-03-31T14:40:04","slug":"kontakt","status":"publish","type":"page","link":"https:\/\/edielevator.com\/de\/kontakt\/","title":{"rendered":"Kontakt"},"content":{"rendered":"<p>[et_pb_section fb_built=&#8220;1&#8243; admin_label=&#8220;Header&#8220; _builder_version=&#8220;4.17.3&#8243; _module_preset=&#8220;default&#8220; use_background_color_gradient=&#8220;on&#8220; background_color_gradient_stops=&#8220;#2e5b61 25%|rgba(46,91,97,0) 100%&#8220; background_color_gradient_overlays_image=&#8220;on&#8220; background_image=&#8220;https:\/\/edielevator.com\/wp-content\/uploads\/2025\/03\/therapy-21.jpg&#8220; background_position=&#8220;top_center&#8220; custom_padding=&#8220;||8vw||false|false&#8220; bottom_divider_style=&#8220;curve&#8220; bottom_divider_color=&#8220;#e5e8f0&#8243; bottom_divider_height=&#8220;8vw&#8220; locked=&#8220;off&#8220; collapsed=&#8220;on&#8220; global_colors_info=&#8220;{}&#8220;][et_pb_row _builder_version=&#8220;4.27.4&#8243; _module_preset=&#8220;default&#8220; width=&#8220;50%&#8220; width_tablet=&#8220;80%&#8220; width_phone=&#8220;80%&#8220; width_last_edited=&#8220;on|tablet&#8220; global_colors_info=&#8220;{}&#8220; width__hover_enabled=&#8220;off|desktop&#8220;][et_pb_column type=&#8220;4_4&#8243; _builder_version=&#8220;4.17.1&#8243; _module_preset=&#8220;default&#8220; global_colors_info=&#8220;{}&#8220;][et_pb_text _builder_version=&#8220;4.27.4&#8243; _module_preset=&#8220;c16985e1-e0d6-4022-964d-e2bfc04fa633&#8243; header_font=&#8220;Cormorant Garamond|700|||||||&#8220; header_text_color=&#8220;#E1ECEA&#8220; header_font_size=&#8220;90px&#8220; header_line_height=&#8220;1.1em&#8220; text_orientation=&#8220;center&#8220; custom_margin=&#8220;||0px||false|false&#8220; header_font_size_tablet=&#8220;40px&#8220; header_font_size_phone=&#8220;24px&#8220; header_font_size_last_edited=&#8220;on|desktop&#8220; global_colors_info=&#8220;{}&#8220;]<\/p>\n<h1>Kontaktieren Sie uns unter<\/h1>\n<p>[\/et_pb_text][et_pb_text _builder_version=&#8220;4.27.4&#8243; _module_preset=&#8220;1f09816e-184e-4ce5-a4cf-b39c52c423ca&#8220; text_font=&#8220;Inter||||||||&#8220; text_text_color=&#8220;#E1ECEA&#8220; text_font_size=&#8220;18px&#8220; text_line_height=&#8220;1.8em&#8220; text_orientation=&#8220;center&#8220; text_font_size_tablet=&#8220;16px&#8220; text_font_size_phone=&#8220;14px&#8220; text_font_size_last_edited=&#8220;on|tablet&#8220; header_font_size_tablet=&#8220;55px&#8220; header_font_size_last_edited=&#8220;off|desktop&#8220; global_colors_info=&#8220;{}&#8220;]<\/p>\n<p>Wenn Sie Fragen haben oder Hilfe bei Ihrer Bestellung ben\u00f6tigen, kontaktieren Sie uns bitte unter den folgenden Kontaktdaten<\/p>\n<p>[\/et_pb_text][\/et_pb_column][\/et_pb_row][et_pb_row _builder_version=&#8220;4.17.3&#8243; _module_preset=&#8220;default&#8220; positioning=&#8220;absolute&#8220; position_origin_a=&#8220;bottom_center&#8220; vertical_offset=&#8220;-1px&#8220; width=&#8220;100%&#8220; max_width=&#8220;100%&#8220; custom_padding=&#8220;||0px||false|false&#8220; locked=&#8220;off&#8220; global_colors_info=&#8220;{}&#8220;][et_pb_column type=&#8220;4_4&#8243; _builder_version=&#8220;4.17.3&#8243; _module_preset=&#8220;default&#8220; global_colors_info=&#8220;{}&#8220;][et_pb_image src=&#8220;https:\/\/edielevator.com\/wp-content\/uploads\/2025\/03\/therapy-52.png&#8220; title_text=&#8220;Therapie-52&#8243; force_fullwidth=&#8220;on&#8220; _builder_version=&#8220;4.17.3&#8243; _module_preset=&#8220;default&#8220; global_colors_info=&#8220;{}&#8220;][\/et_pb_image][\/et_pb_column][\/et_pb_row][\/et_pb_section][et_pb_section fb_built=&#8220;1&#8243; admin_label=&#8220;Contact&#8220; _builder_version=&#8220;4.17.3&#8243; _module_preset=&#8220;default&#8220; use_background_color_gradient=&#8220;on&#8220; background_color_gradient_stops=&#8220;#e5e8f0 0%|rgba(229,232,240,0) 30%&#8220; collapsed=&#8220;on&#8220; global_colors_info=&#8220;{}&#8220;][et_pb_row column_structure=&#8220;1_2,1_2&#8243; make_equal=&#8220;on&#8220; _builder_version=&#8220;4.17.3&#8243; _module_preset=&#8220;default&#8220; global_colors_info=&#8220;{}&#8220;][et_pb_column type=&#8220;1_2&#8243; _builder_version=&#8220;4.17.1&#8243; _module_preset=&#8220;default&#8220; global_colors_info=&#8220;{}&#8220;][et_pb_contact_form use_spam_service=&#8220;on&#8220; recaptcha_list=&#8220;Default|Default-0&#8243; email=&#8220;info@edielevator.com&#8220; success_message=&#8220;Vielen Dank f\u00fcr Ihre Nachricht. Wir werden Ihre Anfrage so schnell wie m\u00f6glich beantworten. &#8220; submit_button_text=&#8220;Senden Sie&#8220; _builder_version=&#8220;4.27.4&#8243; _module_preset=&#8220;5f451234-b662-41cf-8ad7-48c40d2afa7f&#8220; _unique_id=&#8220;cd2e19fd-2a99-4a79-9e23-4295fab658b3&#8243; form_field_background_color=&#8220;RGBA(255,255,255,0)&#8220; form_field_text_color=&#8220;#22434A&#8220; captcha_font=&#8220;Inter||||||||&#8220; captcha_font_size=&#8220;18px&#8220; form_field_font=&#8220;Inter||||||||&#8220; form_field_font_size=&#8220;18px&#8220; custom_button=&#8220;on&#8220; button_text_size=&#8220;14px&#8220; button_text_color=&#8220;#E1ECEA&#8220; button_bg_color=&#8220;#2E5B61&#8243; button_border_width=&#8220;0px&#8220; button_border_radius=&#8220;50px&#8220; button_font=&#8220;Inter|600|||||||&#8220; button_custom_padding=&#8220;20px|40px|20px|40px|true|true&#8220; hover_enabled=&#8220;0&#8243; border_width_all=&#8220;1px&#8220; border_color_all=&#8220;#2E5B61&#8243; locked=&#8220;off&#8220; global_colors_info=&#8220;{}&#8220; custom_message=&#8220;Sie haben eine neue Nachricht vom Kontaktformular:||et_pb_line_break_holder||||et_pb_line_break_holder|||Name:%%nombre%%||et_pb_line_break_holder||Mail: %%email%%||et_pb_pb_line_break_holder||Telefon: %%telefono%%||et_pb_line_break_holder||Nachricht: %%mensaje%%||et_pb_line_break_holder||||et_pb_line_break_holder||Gr\u00fc\u00dfe,&#8220; sticky_enabled=&#8220;0&#8243;][et_pb_contact_field field_id=&#8220;nombre&#8220; field_title=&#8220;Name&#8220; fullwidth_field=&#8220;on&#8220; _builder_version=&#8220;4.27.4&#8243; global_colors_info=&#8220;{}&#8220; button_text_size__hover_enabled=&#8220;off&#8220; button_one_text_size__hover_enabled=&#8220;off&#8220; button_two_text_size__hover_enabled=&#8220;off&#8220; button_text_color__hover_enabled=&#8220;off&#8220; button_one_text_color__hover_enabled=&#8220;off&#8220; button_two_text_color__hover_enabled=&#8220;off&#8220; button_border_width__hover_enabled=&#8220;off&#8220; button_one_border_width__hover_enabled=&#8220;off&#8220; button_two_border_width__hover_enabled=&#8220;off&#8220; button_border_color__hover_enabled=&#8220;off&#8220; button_one_border_color__hover_enabled=&#8220;off&#8220; button_two_border_color__hover_enabled=&#8220;off&#8220; button_border_radius__hover_enabled=&#8220;off&#8220; button_one_border_radius__hover_enabled=&#8220;off&#8220; button_two_border_radius__hover_enabled=&#8220;off&#8220; button_letter_spacing__hover_enabled=&#8220;off&#8220; button_one_letter_spacing__hover_enabled=&#8220;off&#8220; button_two_letter_spacing__hover_enabled=&#8220;off&#8220; button_bg_color__hover_enabled=&#8220;off&#8220; button_one_bg_color__hover_enabled=&#8220;off&#8220; button_two_bg_color__hover_enabled=&#8220;off&#8220;][\/et_pb_contact_field][et_pb_contact_field field_id=&#8220;email&#8220; field_title=&#8220;E-Mail Adresse&#8220; field_type=&#8220;email&#8220; fullwidth_field=&#8220;on&#8220; _builder_version=&#8220;4.27.4&#8243; global_colors_info=&#8220;{}&#8220; button_text_size__hover_enabled=&#8220;off&#8220; button_one_text_size__hover_enabled=&#8220;off&#8220; button_two_text_size__hover_enabled=&#8220;off&#8220; button_text_color__hover_enabled=&#8220;off&#8220; button_one_text_color__hover_enabled=&#8220;off&#8220; button_two_text_color__hover_enabled=&#8220;off&#8220; button_border_width__hover_enabled=&#8220;off&#8220; button_one_border_width__hover_enabled=&#8220;off&#8220; button_two_border_width__hover_enabled=&#8220;off&#8220; button_border_color__hover_enabled=&#8220;off&#8220; button_one_border_color__hover_enabled=&#8220;off&#8220; button_two_border_color__hover_enabled=&#8220;off&#8220; button_border_radius__hover_enabled=&#8220;off&#8220; button_one_border_radius__hover_enabled=&#8220;off&#8220; button_two_border_radius__hover_enabled=&#8220;off&#8220; button_letter_spacing__hover_enabled=&#8220;off&#8220; button_one_letter_spacing__hover_enabled=&#8220;off&#8220; button_two_letter_spacing__hover_enabled=&#8220;off&#8220; button_bg_color__hover_enabled=&#8220;off&#8220; button_one_bg_color__hover_enabled=&#8220;off&#8220; button_two_bg_color__hover_enabled=&#8220;off&#8220;][\/et_pb_contact_field][et_pb_contact_field field_id=&#8220;telefono&#8220; field_title=&#8220;Telefon&#8220; allowed_symbols=&#8220;numbers&#8220; fullwidth_field=&#8220;on&#8220; _builder_version=&#8220;4.27.4&#8243; _module_preset=&#8220;default&#8220; global_colors_info=&#8220;{}&#8220;][\/et_pb_contact_field][et_pb_contact_field field_id=&#8220;mensaje&#8220; field_title=&#8220;Nachricht&#8220; field_type=&#8220;text&#8220; fullwidth_field=&#8220;on&#8220; _builder_version=&#8220;4.27.4&#8243; global_colors_info=&#8220;{}&#8220; button_text_size__hover_enabled=&#8220;off&#8220; button_one_text_size__hover_enabled=&#8220;off&#8220; button_two_text_size__hover_enabled=&#8220;off&#8220; button_text_color__hover_enabled=&#8220;off&#8220; button_one_text_color__hover_enabled=&#8220;off&#8220; button_two_text_color__hover_enabled=&#8220;off&#8220; button_border_width__hover_enabled=&#8220;off&#8220; button_one_border_width__hover_enabled=&#8220;off&#8220; button_two_border_width__hover_enabled=&#8220;off&#8220; button_border_color__hover_enabled=&#8220;off&#8220; button_one_border_color__hover_enabled=&#8220;off&#8220; button_two_border_color__hover_enabled=&#8220;off&#8220; button_border_radius__hover_enabled=&#8220;off&#8220; button_one_border_radius__hover_enabled=&#8220;off&#8220; button_two_border_radius__hover_enabled=&#8220;off&#8220; button_letter_spacing__hover_enabled=&#8220;off&#8220; button_one_letter_spacing__hover_enabled=&#8220;off&#8220; button_two_letter_spacing__hover_enabled=&#8220;off&#8220; button_bg_color__hover_enabled=&#8220;off&#8220; button_one_bg_color__hover_enabled=&#8220;off&#8220; button_two_bg_color__hover_enabled=&#8220;off&#8220;][\/et_pb_contact_field][\/et_pb_contact_form][\/et_pb_column][et_pb_column type=&#8220;1_2&#8243; _builder_version=&#8220;4.17.1&#8243; _module_preset=&#8220;default&#8220; global_colors_info=&#8220;{}&#8220;][et_pb_blurb title=&#8220;Telefon&#8220; use_icon=&#8220;on&#8220; font_icon=&#8220;&#xe090;||divi||400&#8243; icon_color=&#8220;#22434A&#8220; icon_placement=&#8220;left&#8220; image_icon_width=&#8220;20px&#8220; content_max_width=&#8220;100%&#8220; _builder_version=&#8220;4.27.4&#8243; _module_preset=&#8220;b62950b2-9f88-417a-a624-825d61ec2a3d&#8220; header_font=&#8220;Inter|700|||||||&#8220; header_text_color=&#8220;#22434A&#8220; header_font_size=&#8220;22px&#8220; body_font=&#8220;Inter||||||||&#8220; body_text_color=&#8220;#22434A&#8220; body_font_size=&#8220;18px&#8220; body_link_text_color=&#8220;#22434A&#8220; animation=&#8220;off&#8220; header_font_size_tablet=&#8220;20px&#8220; header_font_size_phone=&#8220;16px&#8220; header_font_size_last_edited=&#8220;on|phone&#8220; body_font_size_tablet=&#8220;16px&#8220; body_font_size_phone=&#8220;14px&#8220; body_font_size_last_edited=&#8220;on|desktop&#8220; locked=&#8220;off&#8220; global_colors_info=&#8220;{}&#8220;]<\/p>\n<p>(+34) 945 09 38 74<br \/>(+34) 633 14 11 06<\/p>\n<p>[\/et_pb_blurb][et_pb_blurb title=&#8220;E-Mail Adresse&#8220; use_icon=&#8220;on&#8220; font_icon=&#8220;&#xe076;||divi||400&#8243; icon_color=&#8220;#22434A&#8220; icon_placement=&#8220;left&#8220; image_icon_width=&#8220;20px&#8220; content_max_width=&#8220;100%&#8220; _builder_version=&#8220;4.27.4&#8243; _module_preset=&#8220;b62950b2-9f88-417a-a624-825d61ec2a3d&#8220; header_font=&#8220;Inter|700|||||||&#8220; header_text_color=&#8220;#22434A&#8220; header_font_size=&#8220;22px&#8220; body_font=&#8220;Inter||||||||&#8220; body_text_color=&#8220;#22434A&#8220; body_font_size=&#8220;18px&#8220; body_link_text_color=&#8220;#22434A&#8220; animation=&#8220;off&#8220; header_font_size_tablet=&#8220;20px&#8220; header_font_size_phone=&#8220;16px&#8220; header_font_size_last_edited=&#8220;on|phone&#8220; body_font_size_tablet=&#8220;16px&#8220; body_font_size_phone=&#8220;14px&#8220; body_font_size_last_edited=&#8220;on|desktop&#8220; locked=&#8220;off&#8220; global_colors_info=&#8220;{}&#8220;]<\/p>\n<p><a href=\"mailto:info@edielevator.com\">info@edielevator.com<\/a><\/p>\n<p>[\/et_pb_blurb][et_pb_blurb title=&#8220;Adresse&#8220; use_icon=&#8220;on&#8220; font_icon=&#8220;&#xf3c5;||fa||900&#8243; icon_color=&#8220;#22434A&#8220; icon_placement=&#8220;left&#8220; image_icon_width=&#8220;20px&#8220; content_max_width=&#8220;100%&#8220; _builder_version=&#8220;4.27.4&#8243; _module_preset=&#8220;b62950b2-9f88-417a-a624-825d61ec2a3d&#8220; header_font=&#8220;Inter|700|||||||&#8220; header_text_color=&#8220;#22434A&#8220; header_font_size=&#8220;22px&#8220; body_font=&#8220;Inter||||||||&#8220; body_text_color=&#8220;#22434A&#8220; body_font_size=&#8220;18px&#8220; animation=&#8220;off&#8220; header_font_size_tablet=&#8220;20px&#8220; header_font_size_phone=&#8220;16px&#8220; header_font_size_last_edited=&#8220;on|phone&#8220; body_font_size_tablet=&#8220;16px&#8220; body_font_size_phone=&#8220;14px&#8220; body_font_size_last_edited=&#8220;on|desktop&#8220; locked=&#8220;off&#8220; global_colors_info=&#8220;{}&#8220;]Parque Tecnol\u00f3gico de Alava &#8211; Edificio BIC,<br \/>\nPabell\u00f3n 16-18-20<br \/>\nAlbert Einstein Kalea, 15,<br \/>\n01510 Vitoria-Gasteiz, \u00c1lava[\/et_pb_blurb][et_pb_image src=&#8220;https:\/\/edielevator.com\/wp-content\/uploads\/2025\/03\/therapy-30.png&#8220; title_text=&#8220;Therapie 30&#8243; _builder_version=&#8220;4.17.3&#8243; _module_preset=&#8220;default&#8220; positioning=&#8220;absolute&#8220; position_origin_a=&#8220;bottom_right&#8220; width=&#8220;60%&#8220; width_tablet=&#8220;60%&#8220; width_phone=&#8220;60%&#8220; width_last_edited=&#8220;off|desktop&#8220; custom_margin=&#8220;|-15vw|||false|false&#8220; global_colors_info=&#8220;{}&#8220;][\/et_pb_image][\/et_pb_column][\/et_pb_row][\/et_pb_section][et_pb_section fb_built=&#8220;1&#8243; custom_padding_last_edited=&#8220;on|desktop&#8220; admin_label=&#8220;Footer&#8220; _builder_version=&#8220;4.27.4&#8243; _module_preset=&#8220;default&#8220; background_color=&#8220;#2E5B61&#8243; background_image=&#8220;https:\/\/edielevator.com\/wp-content\/uploads\/2025\/03\/therapy-51-1.png&#8220; background_size=&#8220;contain&#8220; background_position=&#8220;top_center&#8220; background_vertical_offset=&#8220;0%&#8220; custom_margin=&#8220;||||false|false&#8220; custom_padding=&#8220;10vw||||false|false&#8220; custom_padding_tablet=&#8220;||||false|false&#8220; custom_padding_phone=&#8220;||||false|false&#8220; top_divider_height=&#8220;148px&#8220; top_divider_repeat=&#8220;1x&#8220; global_module=&#8220;224&#8243; saved_tabs=&#8220;all&#8220; collapsed=&#8220;on&#8220; global_colors_info=&#8220;{}&#8220;][et_pb_row column_structure=&#8220;2_5,3_5&#8243; _builder_version=&#8220;4.27.4&#8243; _module_preset=&#8220;default&#8220; border_color_all=&#8220;rgba(255,255,255,0.2)&#8220; border_width_top=&#8220;1px&#8220; global_colors_info=&#8220;{}&#8220;][et_pb_column type=&#8220;2_5&#8243; _builder_version=&#8220;4.17.1&#8243; _module_preset=&#8220;default&#8220; global_colors_info=&#8220;{}&#8220;][et_pb_text _builder_version=&#8220;4.27.4&#8243; _module_preset=&#8220;4827deed-2a92-4d97-a22f-f01067ae6873&#8243; header_font=&#8220;||||||||&#8220; header_4_font=&#8220;Inter|700|||||||&#8220; header_4_text_color=&#8220;#FFFFFF&#8220; header_4_font_size=&#8220;22px&#8220; header_4_line_height=&#8220;1.6em&#8220; custom_margin=&#8220;||0px||false|false&#8220; header_4_font_size_tablet=&#8220;20px&#8220; header_4_font_size_phone=&#8220;16px&#8220; header_4_font_size_last_edited=&#8220;on|phone&#8220; global_colors_info=&#8220;{}&#8220;]<\/p>\n<h4>EDI ELEVATOR<\/h4>\n<p>[\/et_pb_text][et_pb_text _builder_version=&#8220;4.27.4&#8243; _module_preset=&#8220;1f09816e-184e-4ce5-a4cf-b39c52c423ca&#8220; text_font=&#8220;Inter||||||||&#8220; text_text_color=&#8220;#E1ECEA&#8220; text_font_size=&#8220;18px&#8220; text_line_height=&#8220;1.8em&#8220; text_font_size_tablet=&#8220;16px&#8220; text_font_size_phone=&#8220;14px&#8220; text_font_size_last_edited=&#8220;on|tablet&#8220; header_font_size_tablet=&#8220;55px&#8220; header_font_size_last_edited=&#8220;off|desktop&#8220; global_colors_info=&#8220;{}&#8220;]<\/p>\n<p>Wenn Sie die neuesten Nachrichten \u00fcber unsere Produkte erfahren m\u00f6chten, melden Sie sich f\u00fcr unseren Newsletter an.<\/p>\n<p>[\/et_pb_text][\/et_pb_column][et_pb_column type=&#8220;3_5&#8243; _builder_version=&#8220;4.17.1&#8243; _module_preset=&#8220;default&#8220; global_colors_info=&#8220;{}&#8220;][et_pb_text _builder_version=&#8220;4.27.4&#8243; _module_preset=&#8220;4827deed-2a92-4d97-a22f-f01067ae6873&#8243; header_font=&#8220;||||||||&#8220; header_4_font=&#8220;Inter|700|||||||&#8220; header_4_text_color=&#8220;#E1ECEA&#8220; header_4_font_size=&#8220;22px&#8220; header_4_line_height=&#8220;1.6em&#8220; custom_margin=&#8220;||0px||false|false&#8220; header_4_font_size_tablet=&#8220;20px&#8220; header_4_font_size_phone=&#8220;16px&#8220; header_4_font_size_last_edited=&#8220;on|phone&#8220; locked=&#8220;off&#8220; global_colors_info=&#8220;{}&#8220;]<\/p>\n<h4>Newsletter<\/h4>\n<p>[\/et_pb_text][et_pb_signup mailchimp_list=&#8220;undefined|&#8220; first_name_field=&#8220;off&#8220; last_name_field=&#8220;off&#8220; success_message=&#8220;Danke, dass Sie sich f\u00fcr unseren Newsletter angemeldet haben&#8220; use_spam_service=&#8220;on&#8220; recaptcha_list=&#8220;Default|Default-0&#8243; _builder_version=&#8220;4.27.4&#8243; _module_preset=&#8220;default&#8220; form_field_background_color=&#8220;RGBA(255,255,255,0)&#8220; form_field_text_color=&#8220;rgba(225,236,234,0.5)&#8220; form_field_custom_padding=&#8220;14px|40px|14px|40px|true|true&#8220; form_field_font=&#8220;Inter||||||||&#8220; form_field_font_size=&#8220;18px&#8220; form_field_line_height=&#8220;1.8em&#8220; background_enable_color=&#8220;off&#8220; use_background_color=&#8220;off&#8220; custom_button=&#8220;on&#8220; button_text_size=&#8220;14px&#8220; button_text_color=&#8220;#2E5B61&#8243; button_bg_color=&#8220;#FFFFFF&#8220; button_border_width=&#8220;0px&#8220; button_border_radius=&#8220;50px&#8220; button_font=&#8220;Inter|600|||||||&#8220; button_custom_padding=&#8220;20px||20px||true|false&#8220; form_field_font_size_tablet=&#8220;16px&#8220; form_field_font_size_phone=&#8220;14px&#8220; form_field_font_size_last_edited=&#8220;on|phone&#8220; border_radii_fields=&#8220;on|0px|0px|0px|0px&#8220; border_width_all_fields=&#8220;1px&#8220; border_color_all_fields=&#8220;rgba(225,236,234,0.3)&#8220; global_colors_info=&#8220;{}&#8220;][\/et_pb_signup][\/et_pb_column][\/et_pb_row][\/et_pb_section]<\/p>\n","protected":false},"excerpt":{"rendered":"<p>Kontaktieren Sie uns unterWenn Sie Fragen haben oder Hilfe bei Ihrer Bestellung ben\u00f6tigen, kontaktieren Sie uns bitte unter den folgenden Kontaktdaten(+34) 945 09 38 74(+34) 633 14 11 06info@edielevator.comParque Tecnol\u00f3gico de Alava &#8211; Edificio BIC, Pabell\u00f3n 16-18-20 Albert Einstein Kalea, 15, 01510 Vitoria-Gasteiz, \u00c1lavaEDI ELEVATORWenn Sie die neuesten Nachrichten \u00fcber unsere Produkte erfahren m\u00f6chten, melden [&hellip;]<\/p>\n","protected":false},"author":1,"featured_media":0,"parent":0,"menu_order":0,"comment_status":"closed","ping_status":"closed","template":"","meta":{"_et_pb_use_builder":"on","_et_pb_old_content":"","_et_gb_content_width":"","footnotes":""},"class_list":["post-446","page","type-page","status-publish","hentry"],"_links":{"self":[{"href":"https:\/\/edielevator.com\/de\/wp-json\/wp\/v2\/pages\/446","targetHints":{"allow":["GET"]}}],"collection":[{"href":"https:\/\/edielevator.com\/de\/wp-json\/wp\/v2\/pages"}],"about":[{"href":"https:\/\/edielevator.com\/de\/wp-json\/wp\/v2\/types\/page"}],"author":[{"embeddable":true,"href":"https:\/\/edielevator.com\/de\/wp-json\/wp\/v2\/users\/1"}],"replies":[{"embeddable":true,"href":"https:\/\/edielevator.com\/de\/wp-json\/wp\/v2\/comments?post=446"}],"version-history":[{"count":2,"href":"https:\/\/edielevator.com\/de\/wp-json\/wp\/v2\/pages\/446\/revisions"}],"predecessor-version":[{"id":450,"href":"https:\/\/edielevator.com\/de\/wp-json\/wp\/v2\/pages\/446\/revisions\/450"}],"wp:attachment":[{"href":"https:\/\/edielevator.com\/de\/wp-json\/wp\/v2\/media?parent=446"}],"curies":[{"name":"wp","href":"https:\/\/api.w.org\/{rel}","templated":true}]}}