{"id":447,"date":"2025-03-25T11:33:16","date_gmt":"2025-03-25T10:33:16","guid":{"rendered":"https:\/\/edielevator.com\/wer-wir-sind\/"},"modified":"2025-03-31T15:40:04","modified_gmt":"2025-03-31T14:40:04","slug":"wer-wir-sind","status":"publish","type":"page","link":"https:\/\/edielevator.com\/de\/wer-wir-sind\/","title":{"rendered":"Wer wir sind"},"content":{"rendered":"<p>[et_pb_section fb_built=&#8220;1&#8243; _builder_version=&#8220;4.27.4&#8243; _module_preset=&#8220;default&#8220; global_colors_info=&#8220;{}&#8220;][et_pb_row _builder_version=&#8220;4.27.4&#8243; _module_preset=&#8220;default&#8220; global_colors_info=&#8220;{}&#8220;][et_pb_column type=&#8220;4_4&#8243; _builder_version=&#8220;4.27.4&#8243; _module_preset=&#8220;default&#8220; global_colors_info=&#8220;{}&#8220;][et_pb_text _builder_version=&#8220;4.27.4&#8243; _module_preset=&#8220;default&#8220; header_font=&#8220;|||||on|||&#8220; header_text_align=&#8220;center&#8220; header_font_size=&#8220;40px&#8220; global_colors_info=&#8220;{}&#8220;]<\/p>\n<h1>Wer wir sind<\/h1>\n<p>[\/et_pb_text][\/et_pb_column][\/et_pb_row][et_pb_row column_structure=&#8220;3_5,2_5&#8243; _builder_version=&#8220;4.27.4&#8243; _module_preset=&#8220;default&#8220; global_colors_info=&#8220;{}&#8220;][et_pb_column type=&#8220;3_5&#8243; _builder_version=&#8220;4.27.4&#8243; _module_preset=&#8220;default&#8220; global_colors_info=&#8220;{}&#8220;][et_pb_text _builder_version=&#8220;4.27.4&#8243; _module_preset=&#8220;default&#8220; hover_enabled=&#8220;0&#8243; global_colors_info=&#8220;{}&#8220; sticky_enabled=&#8220;0&#8243;]<\/p>\n<h2>Innovativ und professionell<\/h2>\n<p>[\/et_pb_text][et_pb_text _builder_version=&#8220;4.27.4&#8243; _module_preset=&#8220;default&#8220; global_colors_info=&#8220;{}&#8220;]<\/p>\n<p data-start=\"134\" data-end=\"508\" class=\"\">Wir sind ein innovatives und engagiertes Unternehmen, das aus einem Team hochqualifizierter Fachleute aus den Bereichen Mechanik, Elektrizit\u00e4t und Elektronik besteht. Unsere Leidenschaft f\u00fcr Technik und unsere Erfahrung in diesen Bereichen haben es uns erm\u00f6glicht, effiziente und funktionelle L\u00f6sungen zu entwickeln, die die Mobilit\u00e4t und Lebensqualit\u00e4t der Menschen verbessern. <\/p>\n<p data-start=\"510\" data-end=\"1017\" class=\"\">\n<p>[\/et_pb_text][et_pb_text _builder_version=&#8220;4.27.4&#8243; _module_preset=&#8220;default&#8220; global_colors_info=&#8220;{}&#8220;]<\/p>\n<h2>Ein echtes Problem l\u00f6sen<\/h2>\n<p>[\/et_pb_text][et_pb_text _builder_version=&#8220;4.27.4&#8243; _module_preset=&#8220;default&#8220; global_colors_info=&#8220;{}&#8220;]<\/p>\n<p data-start=\"510\" data-end=\"1017\" class=\"\">Unser Projekt entstand aus dem Bed\u00fcrfnis heraus, ein weit verbreitetes, aber wenig beachtetes Problem zu l\u00f6sen: den Transport von elektrischen Rollst\u00fchlen. Bisher waren die auf dem Markt verf\u00fcgbaren Optionen wie angepasste Autos, Kr\u00e4ne oder Rampen in Bezug auf Komfort, Zug\u00e4nglichkeit und Platz begrenzt. Angesichts dieser Herausforderung machten wir uns daran, eine innovative und praktische Alternative zu entwickeln, die denjenigen, die ihren Rollstuhl sicher und einfach transportieren m\u00fcssen, mehr Freiheit und Benutzerfreundlichkeit bieten w\u00fcrde.  <\/p>\n<p data-start=\"2142\" data-end=\"2277\" class=\"\">\n<p>[\/et_pb_text][et_pb_text _builder_version=&#8220;4.27.4&#8243; _module_preset=&#8220;default&#8220; global_colors_info=&#8220;{}&#8220;]<\/p>\n<h2>Ein praktisches und effizientes System<\/h2>\n<p>[\/et_pb_text][et_pb_text _builder_version=&#8220;4.27.4&#8243; _module_preset=&#8220;default&#8220; global_colors_info=&#8220;{}&#8220;]<\/p>\n<p>So entstand unsere L\u00f6sung: eine Vorrichtung, die auf der Anh\u00e4ngerkupplung des Fahrzeugs abgest\u00fctzt wird und den Transport des Elektrorollstuhls an der Au\u00dfenseite des Autos erm\u00f6glicht. Diese Plattform nimmt nicht nur keinen Platz im Kofferraum in Anspruch, sondern ist auch mit einem Mechanismus ausgestattet, mit dem sie auf den Boden abgesenkt werden kann, um ein m\u00fcheloses Ein- und Aussteigen aus dem Rollstuhl zu erm\u00f6glichen. Dank seines ergonomischen und funktionalen Designs ist dieses System zug\u00e4nglicher und praktischer als herk\u00f6mmliche L\u00f6sungen.  <\/p>\n<p>[\/et_pb_text][et_pb_text _builder_version=&#8220;4.27.4&#8243; _module_preset=&#8220;default&#8220; global_colors_info=&#8220;{}&#8220;]<\/p>\n<h2>Leicht, sicher und einfach zu handhaben<\/h2>\n<p>[\/et_pb_text][et_pb_text _builder_version=&#8220;4.27.4&#8243; _module_preset=&#8220;default&#8220; global_colors_info=&#8220;{}&#8220;]<\/p>\n<p data-start=\"1530\" data-end=\"1798\" class=\"\">Dar\u00fcber hinaus zeichnet sich unser Ger\u00e4t durch sein geringes Gewicht aus, wodurch es leicht zu handhaben ist. Wenn Sie es nicht benutzen, k\u00f6nnen Sie es bequem im Kofferraum verstauen oder an der Anh\u00e4ngerkupplung befestigen, wobei es durch ein Anti-Diebstahl-System gesch\u00fctzt ist, um seine Sicherheit zu gew\u00e4hrleisten. <\/p>\n<p>[\/et_pb_text][et_pb_text _builder_version=&#8220;4.27.4&#8243; _module_preset=&#8220;default&#8220; global_colors_info=&#8220;{}&#8220;]<\/p>\n<h2>Engagement f\u00fcr Barrierefreiheit und Innovation<\/h2>\n<p>[\/et_pb_text][et_pb_text _builder_version=&#8220;4.27.4&#8243; _module_preset=&#8220;default&#8220; hover_enabled=&#8220;0&#8243; global_colors_info=&#8220;{}&#8220; sticky_enabled=&#8220;0&#8243;]<\/p>\n<p data-start=\"1800\" data-end=\"2140\" class=\"\">In unserem Unternehmen setzen wir auf Innovation und kontinuierliche Verbesserung, immer mit dem Ziel, Produkte anzubieten, die das Leben von Menschen mit eingeschr\u00e4nkter Mobilit\u00e4t erleichtern. Wir glauben an Barrierefreiheit als Recht und arbeiten jeden Tag daran, L\u00f6sungen zu entwickeln, die unseren Nutzern mehr Unabh\u00e4ngigkeit und Komfort bieten. <\/p>\n<p data-start=\"2142\" data-end=\"2277\" class=\"\">[\/et_pb_text][et_pb_text _builder_version=&#8220;4.27.4&#8243; _module_preset=&#8220;default&#8220; text_orientation=&#8220;center&#8220; global_colors_info=&#8220;{}&#8220;]<\/p>\n<p>Wenn Sie nach einer praktischen, sicheren und effizienten Alternative f\u00fcr den Transport von elektrischen Rollst\u00fchlen suchen, sind wir f\u00fcr Sie da.<\/p>\n<p>[\/et_pb_text][\/et_pb_column][et_pb_column type=&#8220;2_5&#8243; _builder_version=&#8220;4.27.4&#8243; _module_preset=&#8220;default&#8220; global_colors_info=&#8220;{}&#8220;][et_pb_image src=&#8220;https:\/\/edielevator.com\/wp-content\/uploads\/2025\/03\/03.jpg&#8220; title_text=&#8220;03&#8243; _builder_version=&#8220;4.27.4&#8243; _module_preset=&#8220;default&#8220; global_colors_info=&#8220;{}&#8220;][\/et_pb_image][et_pb_image src=&#8220;https:\/\/edielevator.com\/wp-content\/uploads\/2025\/03\/14.jpg&#8220; title_text=&#8220;14&#8243; _builder_version=&#8220;4.27.4&#8243; _module_preset=&#8220;default&#8220; global_colors_info=&#8220;{}&#8220;][\/et_pb_image][et_pb_image src=&#8220;https:\/\/edielevator.com\/wp-content\/uploads\/2025\/03\/12-1.jpg&#8220; title_text=&#8220;12&#8243; _builder_version=&#8220;4.27.4&#8243; _module_preset=&#8220;default&#8220; global_colors_info=&#8220;{}&#8220;][\/et_pb_image][et_pb_image src=&#8220;https:\/\/edielevator.com\/wp-content\/uploads\/2025\/03\/05.jpg&#8220; title_text=&#8220;05&#8243; _builder_version=&#8220;4.27.4&#8243; _module_preset=&#8220;default&#8220; global_colors_info=&#8220;{}&#8220;][\/et_pb_image][\/et_pb_column][\/et_pb_row][\/et_pb_section][et_pb_section fb_built=&#8220;1&#8243; custom_padding_last_edited=&#8220;on|desktop&#8220; admin_label=&#8220;Footer&#8220; _builder_version=&#8220;4.27.4&#8243; _module_preset=&#8220;default&#8220; background_color=&#8220;#2E5B61&#8243; background_image=&#8220;https:\/\/edielevator.com\/wp-content\/uploads\/2025\/03\/therapy-51-1.png&#8220; background_size=&#8220;contain&#8220; background_position=&#8220;top_center&#8220; background_vertical_offset=&#8220;0%&#8220; custom_margin=&#8220;||||false|false&#8220; custom_padding=&#8220;10vw||||false|false&#8220; custom_padding_tablet=&#8220;||||false|false&#8220; custom_padding_phone=&#8220;||||false|false&#8220; top_divider_height=&#8220;148px&#8220; top_divider_repeat=&#8220;1x&#8220; global_module=&#8220;224&#8243; saved_tabs=&#8220;all&#8220; collapsed=&#8220;on&#8220; global_colors_info=&#8220;{}&#8220;][et_pb_row column_structure=&#8220;2_5,3_5&#8243; _builder_version=&#8220;4.27.4&#8243; _module_preset=&#8220;default&#8220; border_color_all=&#8220;rgba(255,255,255,0.2)&#8220; border_width_top=&#8220;1px&#8220; global_colors_info=&#8220;{}&#8220;][et_pb_column type=&#8220;2_5&#8243; _builder_version=&#8220;4.17.1&#8243; _module_preset=&#8220;default&#8220; global_colors_info=&#8220;{}&#8220;][et_pb_text _builder_version=&#8220;4.27.4&#8243; _module_preset=&#8220;4827deed-2a92-4d97-a22f-f01067ae6873&#8243; header_font=&#8220;||||||||&#8220; header_4_font=&#8220;Inter|700|||||||&#8220; header_4_text_color=&#8220;#FFFFFF&#8220; header_4_font_size=&#8220;22px&#8220; header_4_line_height=&#8220;1.6em&#8220; custom_margin=&#8220;||0px||false|false&#8220; header_4_font_size_tablet=&#8220;20px&#8220; header_4_font_size_phone=&#8220;16px&#8220; header_4_font_size_last_edited=&#8220;on|phone&#8220; global_colors_info=&#8220;{}&#8220;]<\/p>\n<h4>EDI ELEVATOR<\/h4>\n<p>[\/et_pb_text][et_pb_text _builder_version=&#8220;4.27.4&#8243; _module_preset=&#8220;1f09816e-184e-4ce5-a4cf-b39c52c423ca&#8220; text_font=&#8220;Inter||||||||&#8220; text_text_color=&#8220;#E1ECEA&#8220; text_font_size=&#8220;18px&#8220; text_line_height=&#8220;1.8em&#8220; text_font_size_tablet=&#8220;16px&#8220; text_font_size_phone=&#8220;14px&#8220; text_font_size_last_edited=&#8220;on|tablet&#8220; header_font_size_tablet=&#8220;55px&#8220; header_font_size_last_edited=&#8220;off|desktop&#8220; global_colors_info=&#8220;{}&#8220;]<\/p>\n<p>Wenn Sie die neuesten Nachrichten \u00fcber unsere Produkte erfahren m\u00f6chten, melden Sie sich f\u00fcr unseren Newsletter an.<\/p>\n<p>[\/et_pb_text][\/et_pb_column][et_pb_column type=&#8220;3_5&#8243; _builder_version=&#8220;4.17.1&#8243; _module_preset=&#8220;default&#8220; global_colors_info=&#8220;{}&#8220;][et_pb_text _builder_version=&#8220;4.27.4&#8243; _module_preset=&#8220;4827deed-2a92-4d97-a22f-f01067ae6873&#8243; header_font=&#8220;||||||||&#8220; header_4_font=&#8220;Inter|700|||||||&#8220; header_4_text_color=&#8220;#E1ECEA&#8220; header_4_font_size=&#8220;22px&#8220; header_4_line_height=&#8220;1.6em&#8220; custom_margin=&#8220;||0px||false|false&#8220; header_4_font_size_tablet=&#8220;20px&#8220; header_4_font_size_phone=&#8220;16px&#8220; header_4_font_size_last_edited=&#8220;on|phone&#8220; locked=&#8220;off&#8220; global_colors_info=&#8220;{}&#8220;]<\/p>\n<h4>Newsletter<\/h4>\n<p>[\/et_pb_text][et_pb_signup mailchimp_list=&#8220;undefined|&#8220; first_name_field=&#8220;off&#8220; last_name_field=&#8220;off&#8220; success_message=&#8220;Danke, dass Sie sich f\u00fcr unseren Newsletter angemeldet haben&#8220; use_spam_service=&#8220;on&#8220; recaptcha_list=&#8220;Default|Default-0&#8243; _builder_version=&#8220;4.27.4&#8243; _module_preset=&#8220;default&#8220; form_field_background_color=&#8220;RGBA(255,255,255,0)&#8220; form_field_text_color=&#8220;rgba(225,236,234,0.5)&#8220; form_field_custom_padding=&#8220;14px|40px|14px|40px|true|true&#8220; form_field_font=&#8220;Inter||||||||&#8220; form_field_font_size=&#8220;18px&#8220; form_field_line_height=&#8220;1.8em&#8220; background_enable_color=&#8220;off&#8220; use_background_color=&#8220;off&#8220; custom_button=&#8220;on&#8220; button_text_size=&#8220;14px&#8220; button_text_color=&#8220;#2E5B61&#8243; button_bg_color=&#8220;#FFFFFF&#8220; button_border_width=&#8220;0px&#8220; button_border_radius=&#8220;50px&#8220; button_font=&#8220;Inter|600|||||||&#8220; button_custom_padding=&#8220;20px||20px||true|false&#8220; form_field_font_size_tablet=&#8220;16px&#8220; form_field_font_size_phone=&#8220;14px&#8220; form_field_font_size_last_edited=&#8220;on|phone&#8220; border_radii_fields=&#8220;on|0px|0px|0px|0px&#8220; border_width_all_fields=&#8220;1px&#8220; border_color_all_fields=&#8220;rgba(225,236,234,0.3)&#8220; global_colors_info=&#8220;{}&#8220;][\/et_pb_signup][\/et_pb_column][\/et_pb_row][\/et_pb_section]<\/p>\n","protected":false},"excerpt":{"rendered":"<p>Wer wir sindInnovativ und professionellWir sind ein innovatives und engagiertes Unternehmen, das aus einem Team hochqualifizierter Fachleute aus den Bereichen Mechanik, Elektrizit\u00e4t und Elektronik besteht. Unsere Leidenschaft f\u00fcr Technik und unsere Erfahrung in diesen Bereichen haben es uns erm\u00f6glicht, effiziente und funktionelle L\u00f6sungen zu entwickeln, die die Mobilit\u00e4t und Lebensqualit\u00e4t der Menschen verbessern. Ein echtes [&hellip;]<\/p>\n","protected":false},"author":1,"featured_media":0,"parent":0,"menu_order":0,"comment_status":"closed","ping_status":"closed","template":"","meta":{"_et_pb_use_builder":"on","_et_pb_old_content":"","_et_gb_content_width":"","footnotes":""},"class_list":["post-447","page","type-page","status-publish","hentry"],"_links":{"self":[{"href":"https:\/\/edielevator.com\/de\/wp-json\/wp\/v2\/pages\/447","targetHints":{"allow":["GET"]}}],"collection":[{"href":"https:\/\/edielevator.com\/de\/wp-json\/wp\/v2\/pages"}],"about":[{"href":"https:\/\/edielevator.com\/de\/wp-json\/wp\/v2\/types\/page"}],"author":[{"embeddable":true,"href":"https:\/\/edielevator.com\/de\/wp-json\/wp\/v2\/users\/1"}],"replies":[{"embeddable":true,"href":"https:\/\/edielevator.com\/de\/wp-json\/wp\/v2\/comments?post=447"}],"version-history":[{"count":2,"href":"https:\/\/edielevator.com\/de\/wp-json\/wp\/v2\/pages\/447\/revisions"}],"predecessor-version":[{"id":451,"href":"https:\/\/edielevator.com\/de\/wp-json\/wp\/v2\/pages\/447\/revisions\/451"}],"wp:attachment":[{"href":"https:\/\/edielevator.com\/de\/wp-json\/wp\/v2\/media?parent=447"}],"curies":[{"name":"wp","href":"https:\/\/api.w.org\/{rel}","templated":true}]}}