{"id":456,"date":"2025-03-25T22:52:21","date_gmt":"2025-03-25T21:52:21","guid":{"rendered":"https:\/\/edielevator.com\/faq\/"},"modified":"2025-03-31T15:40:08","modified_gmt":"2025-03-31T14:40:08","slug":"faq","status":"publish","type":"page","link":"https:\/\/edielevator.com\/de\/faq\/","title":{"rendered":"FAQ"},"content":{"rendered":"<p>[et_pb_section fb_built=&#8220;1&#8243; admin_label=&#8220;Header&#8220; _builder_version=&#8220;4.27.4&#8243; _module_preset=&#8220;default&#8220; use_background_color_gradient=&#8220;on&#8220; background_color_gradient_stops=&#8220;#2e5b61 5%|rgba(46,91,97,0) 100%&#8220; background_color_gradient_overlays_image=&#8220;on&#8220; background_image=&#8220;https:\/\/edielevator.com\/wp-content\/uploads\/2025\/03\/05.jpg&#8220; parallax=&#8220;on&#8220; custom_padding=&#8220;||16vw||false|false&#8220; collapsed=&#8220;on&#8220; global_colors_info=&#8220;{}&#8220;][et_pb_row _builder_version=&#8220;4.17.3&#8243; _module_preset=&#8220;default&#8220; width=&#8220;70%&#8220; width_tablet=&#8220;80%&#8220; width_phone=&#8220;80%&#8220; width_last_edited=&#8220;on|tablet&#8220; global_colors_info=&#8220;{}&#8220;][et_pb_column type=&#8220;4_4&#8243; _builder_version=&#8220;4.17.1&#8243; _module_preset=&#8220;default&#8220; global_colors_info=&#8220;{}&#8220;][et_pb_text _builder_version=&#8220;4.17.3&#8243; _module_preset=&#8220;c16985e1-e0d6-4022-964d-e2bfc04fa633&#8243; header_font=&#8220;Cormorant Garamond|700|||||||&#8220; header_text_color=&#8220;#E1ECEA&#8220; header_font_size=&#8220;90px&#8220; header_line_height=&#8220;1.1em&#8220; text_orientation=&#8220;center&#8220; module_alignment=&#8220;center&#8220; custom_margin=&#8220;||0px||false|false&#8220; header_font_size_tablet=&#8220;40px&#8220; header_font_size_phone=&#8220;24px&#8220; header_font_size_last_edited=&#8220;on|desktop&#8220; global_colors_info=&#8220;{}&#8220;]<\/p>\n<h1>H\u00e4ufig gestellte Fragen<\/h1>\n<p>[\/et_pb_text][\/et_pb_column][\/et_pb_row][et_pb_row _builder_version=&#8220;4.17.3&#8243; _module_preset=&#8220;default&#8220; positioning=&#8220;absolute&#8220; position_origin_a=&#8220;bottom_center&#8220; vertical_offset=&#8220;-1px&#8220; width=&#8220;100%&#8220; max_width=&#8220;100%&#8220; custom_padding=&#8220;||0px||false|false&#8220; global_colors_info=&#8220;{}&#8220;][et_pb_column type=&#8220;4_4&#8243; _builder_version=&#8220;4.17.3&#8243; _module_preset=&#8220;default&#8220; global_colors_info=&#8220;{}&#8220;][et_pb_image src=&#8220;https:\/\/edielevator.com\/wp-content\/uploads\/2025\/03\/therapy-17.png&#8220; title_text=&#8220;Therapie 17&#8243; force_fullwidth=&#8220;on&#8220; _builder_version=&#8220;4.17.3&#8243; _module_preset=&#8220;default&#8220; global_colors_info=&#8220;{}&#8220;][\/et_pb_image][\/et_pb_column][\/et_pb_row][\/et_pb_section][et_pb_section fb_built=&#8220;1&#8243; admin_label=&#8220;FAQ&#8220; _builder_version=&#8220;4.17.3&#8243; _module_preset=&#8220;default&#8220; top_divider_flip=&#8220;horizontal&#8220; collapsed=&#8220;on&#8220; global_colors_info=&#8220;{}&#8220;][et_pb_row custom_padding_last_edited=&#8220;on|phone&#8220; _builder_version=&#8220;4.17.3&#8243; _module_preset=&#8220;default&#8220; use_background_color_gradient=&#8220;on&#8220; background_color_gradient_stops=&#8220;#e5e8f0 45%|rgba(229,232,240,0) 80%&#8220; custom_margin=&#8220;-15vw||||false|false&#8220; custom_margin_tablet=&#8220;-21vw||||false|false&#8220; custom_margin_phone=&#8220;||||false|false&#8220; custom_margin_last_edited=&#8220;off|desktop&#8220; custom_padding=&#8220;80px|80px|80px|80px|true|true&#8220; custom_padding_tablet=&#8220;30px|20px|30px|20px|true|true&#8220; custom_padding_phone=&#8220;20px|0px|20px|0px|true|true&#8220; global_colors_info=&#8220;{}&#8220;][et_pb_column type=&#8220;4_4&#8243; _builder_version=&#8220;4.17.3&#8243; _module_preset=&#8220;default&#8220; global_colors_info=&#8220;{}&#8220;][et_pb_accordion open_toggle_text_color=&#8220;#22434A&#8220; open_toggle_background_color=&#8220;RGBA(255,255,255,0)&#8220; closed_toggle_background_color=&#8220;RGBA(255,255,255,0)&#8220; toggle_icon=&#8220;&#x50;||divi||400&#8243; icon_color=&#8220;#22434A&#8220; _builder_version=&#8220;4.27.4&#8243; _module_preset=&#8220;default&#8220; toggle_text_color=&#8220;#22434A&#8220; toggle_font=&#8220;Inter|700|||||||&#8220; toggle_font_size=&#8220;22px&#8220; toggle_line_height=&#8220;1.2em&#8220; body_font=&#8220;Inter||||||||&#8220; body_text_color=&#8220;#22434A&#8220; body_font_size=&#8220;18px&#8220; body_line_height=&#8220;1.8em&#8220; toggle_font_size_tablet=&#8220;16px&#8220; toggle_font_size_phone=&#8220;13px&#8220; toggle_font_size_last_edited=&#8220;on|desktop&#8220; body_font_size_tablet=&#8220;16px&#8220; body_font_size_phone=&#8220;14px&#8220; body_font_size_last_edited=&#8220;on|phone&#8220; border_width_all=&#8220;0px&#8220; border_width_bottom=&#8220;1px&#8220; border_color_bottom=&#8220;rgba(46,91,97,0.2)&#8220; global_colors_info=&#8220;{}&#8220;][et_pb_accordion_item title=&#8220;Wie ist das Ger\u00e4t angeschlossen?&#8220; _builder_version=&#8220;4.27.4&#8243; _module_preset=&#8220;default&#8220; global_colors_info=&#8220;{}&#8220; open=&#8220;on&#8220;]<\/p>\n<p>Das Ger\u00e4t wird an der Kupplungskugel des Fahrzeugs befestigt und l\u00e4sst sich an alle auf dem Markt befindlichen Systeme anpassen.<\/p>\n<p>[\/et_pb_accordion_item][et_pb_accordion_item title=&#8220;Kann es angelassen werden oder muss es abgenommen werden, wenn es nicht benutzt wird?&#8220; _builder_version=&#8220;4.27.4&#8243; _module_preset=&#8220;default&#8220; global_colors_info=&#8220;{}&#8220; open=&#8220;off&#8220;]<\/p>\n<p>Durch sein geringes Gewicht kann er im Kofferraum gelassen werden, oder mit seinem Anti-Diebstahl-System im Ball gesch\u00fctzt werden.<\/p>\n<p>[\/et_pb_accordion_item][et_pb_accordion_item title=&#8220;Ist es m\u00f6glich, zu mieten?&#8220; _builder_version=&#8220;4.27.4&#8243; _module_preset=&#8220;default&#8220; global_colors_info=&#8220;{}&#8220; open=&#8220;off&#8220;]<\/p>\n<p>Ja, Mietoptionen sind verf\u00fcgbar. Kontaktieren Sie den Kundenservice f\u00fcr weitere Informationen.  <\/p>\n<p>[\/et_pb_accordion_item][et_pb_accordion_item title=&#8220;Was ist das maximale Gewicht?&#8220; _builder_version=&#8220;4.27.4&#8243; _module_preset=&#8220;default&#8220; global_colors_info=&#8220;{}&#8220; open=&#8220;off&#8220;]<\/p>\n<p>Das maximale Gewicht, das er sicher tragen kann, betr\u00e4gt 120 kg. Es ist wichtig, dass Sie diese Grenze nicht \u00fcberschreiten, um die Sicherheit und das ordnungsgem\u00e4\u00dfe Funktionieren des Stuhltr\u00e4gers zu gew\u00e4hrleisten. <\/p>\n<p>[\/et_pb_accordion_item][et_pb_accordion_item title=&#8220;Verf\u00fcgt es \u00fcber ein Lichtsignalsystem?&#8220; open=&#8220;off&#8220; _builder_version=&#8220;4.27.4&#8243; _module_preset=&#8220;default&#8220; global_colors_info=&#8220;{}&#8220;]<\/p>\n<p>Ja, das Ger\u00e4t verf\u00fcgt \u00fcber ein zugelassenes Lichtsignalisierungssystem. <\/p>\n<p>[\/et_pb_accordion_item][et_pb_accordion_item title=&#8220;Welche Art von Rollst\u00fchlen ist mit diesem Rollstuhltr\u00e4ger kompatibel?&#8220; _builder_version=&#8220;4.27.4&#8243; _module_preset=&#8220;default&#8220; global_colors_info=&#8220;{}&#8220; open=&#8220;off&#8220;]<\/p>\n<p>Unser Rollstuhltr\u00e4ger ist so konzipiert, dass er mit den meisten Standardrollst\u00fchlen kompatibel ist, sowohl mit faltbaren als auch mit starren. Wir empfehlen Ihnen jedoch, die Ma\u00dfe Ihres Rollstuhls zu \u00fcberpr\u00fcfen und mit den Spezifikationen des Rollstuhltr\u00e4gers zu vergleichen, um eine korrekte Passform zu gew\u00e4hrleisten. <\/p>\n<p>[\/et_pb_accordion_item][et_pb_accordion_item title=&#8220;Ist es einfach, den Autositztr\u00e4ger an der Anh\u00e4ngerkupplung zu befestigen und wieder abzunehmen?&#8220; _builder_version=&#8220;4.27.4&#8243; _module_preset=&#8220;default&#8220; global_colors_info=&#8220;{}&#8220; open=&#8220;off&#8220;]<\/p>\n<p>Ja, unser Stuhltr\u00e4ger verf\u00fcgt \u00fcber ein schnelles und einfaches Befestigungssystem, das eine problemlose Montage und Demontage erm\u00f6glicht. Eine ausf\u00fchrliche Anleitung und Werkzeug werden mitgeliefert, um den Vorgang zu erleichtern. <\/p>\n<p>[\/et_pb_accordion_item][et_pb_accordion_item title=&#8220;Beeintr\u00e4chtigt der Sitztr\u00e4ger die Sicht nach hinten im Auto?&#8220; _builder_version=&#8220;4.27.4&#8243; _module_preset=&#8220;default&#8220; global_colors_info=&#8220;{}&#8220; open=&#8220;off&#8220;]<\/p>\n<p>Das Design unseres Rollstuhltr\u00e4gers ist so optimiert, dass die Sicht nach hinten so wenig wie m\u00f6glich beeintr\u00e4chtigt wird. Je nach Gr\u00f6\u00dfe des Rollstuhls und des Fahrzeugmodells kann es jedoch zu einer leichten Behinderung kommen. Wir empfehlen die Verwendung der Seitenspiegel und, falls erforderlich, einen zus\u00e4tzlichen R\u00fcckspiegel f\u00fcr zus\u00e4tzliche Sicherheit.  <\/p>\n<p>[\/et_pb_accordion_item][et_pb_accordion_item title=&#8220;Ist der Stuhlhalter wetterfest?&#8220; _builder_version=&#8220;4.27.4&#8243; _module_preset=&#8220;default&#8220; global_colors_info=&#8220;{}&#8220; open=&#8220;off&#8220;]<\/p>\n<p>Ja, unser Stuhltr\u00e4ger ist aus hochwertigen Materialien gefertigt und mit einer wetterfesten Beschichtung versehen, um ihn vor Regen, Sonne und anderen Elementen zu sch\u00fctzen. Wir empfehlen eine regelm\u00e4\u00dfige Pflege, um seine Lebensdauer zu verl\u00e4ngern. <\/p>\n<p>[\/et_pb_accordion_item][\/et_pb_accordion][\/et_pb_column][\/et_pb_row][et_pb_row column_structure=&#8220;1_2,1_2&#8243; _builder_version=&#8220;4.17.3&#8243; _module_preset=&#8220;default&#8220; global_colors_info=&#8220;{}&#8220;][et_pb_column type=&#8220;1_2&#8243; _builder_version=&#8220;4.17.3&#8243; _module_preset=&#8220;default&#8220; custom_padding_tablet=&#8220;||30px||false|false&#8220; custom_padding_phone=&#8220;||30px||false|false&#8220; custom_padding_last_edited=&#8220;on|tablet&#8220; global_colors_info=&#8220;{}&#8220;][et_pb_icon font_icon=&#8220;&#xe010;||divi||400&#8243; icon_color=&#8220;#FFFFFF&#8220; icon_width=&#8220;64px&#8220; _builder_version=&#8220;4.17.1&#8243; _module_preset=&#8220;default&#8220; background_color=&#8220;#2E5B61&#8243; custom_padding=&#8220;30px|30px|30px|30px|true|true&#8220; border_radii=&#8220;on|100px|100px|100px|100px&#8220; global_colors_info=&#8220;{}&#8220;][\/et_pb_icon][et_pb_text _builder_version=&#8220;4.27.4&#8243; _module_preset=&#8220;4827deed-2a92-4d97-a22f-f01067ae6873&#8243; header_font=&#8220;||||||||&#8220; header_4_font=&#8220;Inter|700|||||||&#8220; header_4_text_color=&#8220;#22434A&#8220; header_4_font_size=&#8220;22px&#8220; header_4_line_height=&#8220;1.6em&#8220; text_orientation=&#8220;center&#8220; module_alignment=&#8220;center&#8220; custom_margin=&#8220;||0px||false|false&#8220; header_4_font_size_tablet=&#8220;20px&#8220; header_4_font_size_phone=&#8220;16px&#8220; header_4_font_size_last_edited=&#8220;on|phone&#8220; global_colors_info=&#8220;{}&#8220;]<\/p>\n<h4>Haben Sie weitere Fragen?<\/h4>\n<p>[\/et_pb_text][et_pb_text _builder_version=&#8220;4.27.4&#8243; _module_preset=&#8220;1f09816e-184e-4ce5-a4cf-b39c52c423ca&#8220; text_font=&#8220;Inter||||||||&#8220; text_text_color=&#8220;#22434A&#8220; text_font_size=&#8220;18px&#8220; text_line_height=&#8220;1.8em&#8220; link_text_color=&#8220;#000000&#8243; text_orientation=&#8220;center&#8220; module_alignment=&#8220;center&#8220; text_font_size_tablet=&#8220;16px&#8220; text_font_size_phone=&#8220;14px&#8220; text_font_size_last_edited=&#8220;on|tablet&#8220; header_font_size_tablet=&#8220;55px&#8220; header_font_size_last_edited=&#8220;off|desktop&#8220; global_colors_info=&#8220;{}&#8220;]<\/p>\n<p>info@edielevator.com<\/p>\n<p>[\/et_pb_text][\/et_pb_column][et_pb_column type=&#8220;1_2&#8243; _builder_version=&#8220;4.17.1&#8243; _module_preset=&#8220;default&#8220; global_colors_info=&#8220;{}&#8220;][et_pb_icon font_icon=&#8220;&#xe00b;||divi||400&#8243; icon_color=&#8220;#FFFFFF&#8220; icon_width=&#8220;64px&#8220; _builder_version=&#8220;4.17.1&#8243; _module_preset=&#8220;default&#8220; background_color=&#8220;#2E5B61&#8243; custom_padding=&#8220;30px|30px|30px|30px|true|true&#8220; border_radii=&#8220;on|100px|100px|100px|100px&#8220; locked=&#8220;off&#8220; global_colors_info=&#8220;{}&#8220;][\/et_pb_icon][et_pb_text _builder_version=&#8220;4.27.4&#8243; _module_preset=&#8220;4827deed-2a92-4d97-a22f-f01067ae6873&#8243; header_font=&#8220;||||||||&#8220; header_4_font=&#8220;Inter|700|||||||&#8220; header_4_text_color=&#8220;#22434A&#8220; header_4_font_size=&#8220;22px&#8220; header_4_line_height=&#8220;1.6em&#8220; text_orientation=&#8220;center&#8220; module_alignment=&#8220;center&#8220; custom_margin=&#8220;||0px||false|false&#8220; header_4_font_size_tablet=&#8220;20px&#8220; header_4_font_size_phone=&#8220;16px&#8220; header_4_font_size_last_edited=&#8220;on|phone&#8220; locked=&#8220;off&#8220; global_colors_info=&#8220;{}&#8220;]<\/p>\n<h4>M\u00f6chten Sie uns lieber anrufen?<\/h4>\n<p>[\/et_pb_text][et_pb_text _builder_version=&#8220;4.27.4&#8243; _module_preset=&#8220;1f09816e-184e-4ce5-a4cf-b39c52c423ca&#8220; text_font=&#8220;Inter||||||||&#8220; text_text_color=&#8220;#22434A&#8220; text_font_size=&#8220;18px&#8220; text_line_height=&#8220;1.8em&#8220; text_orientation=&#8220;center&#8220; module_alignment=&#8220;center&#8220; hover_enabled=&#8220;0&#8243; text_font_size_tablet=&#8220;16px&#8220; text_font_size_phone=&#8220;14px&#8220; text_font_size_last_edited=&#8220;on|tablet&#8220; header_font_size_tablet=&#8220;55px&#8220; header_font_size_last_edited=&#8220;off|desktop&#8220; locked=&#8220;off&#8220; global_colors_info=&#8220;{}&#8220; sticky_enabled=&#8220;0&#8243;]<\/p>\n<p><span>(+34) 945 09 38 74<\/span><br \/><span>(+34) 633 14 11 06<\/span><\/p>\n<p>[\/et_pb_text][\/et_pb_column][\/et_pb_row][\/et_pb_section][et_pb_section fb_built=&#8220;1&#8243; custom_padding_last_edited=&#8220;on|desktop&#8220; admin_label=&#8220;Footer&#8220; _builder_version=&#8220;4.27.4&#8243; _module_preset=&#8220;default&#8220; background_color=&#8220;#2E5B61&#8243; background_image=&#8220;https:\/\/edielevator.com\/wp-content\/uploads\/2025\/03\/therapy-51-1.png&#8220; background_size=&#8220;contain&#8220; background_position=&#8220;top_center&#8220; background_vertical_offset=&#8220;0%&#8220; custom_margin=&#8220;||||false|false&#8220; custom_padding=&#8220;10vw||||false|false&#8220; custom_padding_tablet=&#8220;||||false|false&#8220; custom_padding_phone=&#8220;||||false|false&#8220; top_divider_height=&#8220;148px&#8220; top_divider_repeat=&#8220;1x&#8220; global_module=&#8220;224&#8243; saved_tabs=&#8220;all&#8220; collapsed=&#8220;on&#8220; global_colors_info=&#8220;{}&#8220;][et_pb_row column_structure=&#8220;2_5,3_5&#8243; _builder_version=&#8220;4.27.4&#8243; _module_preset=&#8220;default&#8220; border_color_all=&#8220;rgba(255,255,255,0.2)&#8220; border_width_top=&#8220;1px&#8220; global_colors_info=&#8220;{}&#8220;][et_pb_column type=&#8220;2_5&#8243; _builder_version=&#8220;4.17.1&#8243; _module_preset=&#8220;default&#8220; global_colors_info=&#8220;{}&#8220;][et_pb_text _builder_version=&#8220;4.27.4&#8243; _module_preset=&#8220;4827deed-2a92-4d97-a22f-f01067ae6873&#8243; header_font=&#8220;||||||||&#8220; header_4_font=&#8220;Inter|700|||||||&#8220; header_4_text_color=&#8220;#FFFFFF&#8220; header_4_font_size=&#8220;22px&#8220; header_4_line_height=&#8220;1.6em&#8220; custom_margin=&#8220;||0px||false|false&#8220; header_4_font_size_tablet=&#8220;20px&#8220; header_4_font_size_phone=&#8220;16px&#8220; header_4_font_size_last_edited=&#8220;on|phone&#8220; global_colors_info=&#8220;{}&#8220;]<\/p>\n<h4>EDI ELEVATOR<\/h4>\n<p>[\/et_pb_text][et_pb_text _builder_version=&#8220;4.27.4&#8243; _module_preset=&#8220;1f09816e-184e-4ce5-a4cf-b39c52c423ca&#8220; text_font=&#8220;Inter||||||||&#8220; text_text_color=&#8220;#E1ECEA&#8220; text_font_size=&#8220;18px&#8220; text_line_height=&#8220;1.8em&#8220; text_font_size_tablet=&#8220;16px&#8220; text_font_size_phone=&#8220;14px&#8220; text_font_size_last_edited=&#8220;on|tablet&#8220; header_font_size_tablet=&#8220;55px&#8220; header_font_size_last_edited=&#8220;off|desktop&#8220; global_colors_info=&#8220;{}&#8220;]<\/p>\n<p>Wenn Sie die neuesten Nachrichten \u00fcber unsere Produkte erfahren m\u00f6chten, melden Sie sich f\u00fcr unseren Newsletter an.<\/p>\n<p>[\/et_pb_text][\/et_pb_column][et_pb_column type=&#8220;3_5&#8243; _builder_version=&#8220;4.17.1&#8243; _module_preset=&#8220;default&#8220; global_colors_info=&#8220;{}&#8220;][et_pb_text _builder_version=&#8220;4.27.4&#8243; _module_preset=&#8220;4827deed-2a92-4d97-a22f-f01067ae6873&#8243; header_font=&#8220;||||||||&#8220; header_4_font=&#8220;Inter|700|||||||&#8220; header_4_text_color=&#8220;#E1ECEA&#8220; header_4_font_size=&#8220;22px&#8220; header_4_line_height=&#8220;1.6em&#8220; custom_margin=&#8220;||0px||false|false&#8220; header_4_font_size_tablet=&#8220;20px&#8220; header_4_font_size_phone=&#8220;16px&#8220; header_4_font_size_last_edited=&#8220;on|phone&#8220; locked=&#8220;off&#8220; global_colors_info=&#8220;{}&#8220;]<\/p>\n<h4>Newsletter<\/h4>\n<p>[\/et_pb_text][et_pb_signup mailchimp_list=&#8220;undefined|&#8220; first_name_field=&#8220;off&#8220; last_name_field=&#8220;off&#8220; success_message=&#8220;Danke, dass Sie sich f\u00fcr unseren Newsletter angemeldet haben&#8220; use_spam_service=&#8220;on&#8220; recaptcha_list=&#8220;Default|Default-0&#8243; _builder_version=&#8220;4.27.4&#8243; _module_preset=&#8220;default&#8220; form_field_background_color=&#8220;RGBA(255,255,255,0)&#8220; form_field_text_color=&#8220;rgba(225,236,234,0.5)&#8220; form_field_custom_padding=&#8220;14px|40px|14px|40px|true|true&#8220; form_field_font=&#8220;Inter||||||||&#8220; form_field_font_size=&#8220;18px&#8220; form_field_line_height=&#8220;1.8em&#8220; background_enable_color=&#8220;off&#8220; use_background_color=&#8220;off&#8220; custom_button=&#8220;on&#8220; button_text_size=&#8220;14px&#8220; button_text_color=&#8220;#2E5B61&#8243; button_bg_color=&#8220;#FFFFFF&#8220; button_border_width=&#8220;0px&#8220; button_border_radius=&#8220;50px&#8220; button_font=&#8220;Inter|600|||||||&#8220; button_custom_padding=&#8220;20px||20px||true|false&#8220; form_field_font_size_tablet=&#8220;16px&#8220; form_field_font_size_phone=&#8220;14px&#8220; form_field_font_size_last_edited=&#8220;on|phone&#8220; border_radii_fields=&#8220;on|0px|0px|0px|0px&#8220; border_width_all_fields=&#8220;1px&#8220; border_color_all_fields=&#8220;rgba(225,236,234,0.3)&#8220; global_colors_info=&#8220;{}&#8220;][\/et_pb_signup][\/et_pb_column][\/et_pb_row][\/et_pb_section]<\/p>\n","protected":false},"excerpt":{"rendered":"<p>H\u00e4ufig gestellte FragenDas Ger\u00e4t wird an der Kupplungskugel des Fahrzeugs befestigt und l\u00e4sst sich an alle auf dem Markt befindlichen Systeme anpassen.Durch sein geringes Gewicht kann er im Kofferraum gelassen werden, oder mit seinem Anti-Diebstahl-System im Ball gesch\u00fctzt werden.Ja, Mietoptionen sind verf\u00fcgbar. Kontaktieren Sie den Kundenservice f\u00fcr weitere Informationen. Das maximale Gewicht, das er sicher [&hellip;]<\/p>\n","protected":false},"author":1,"featured_media":0,"parent":0,"menu_order":0,"comment_status":"closed","ping_status":"closed","template":"","meta":{"_et_pb_use_builder":"on","_et_pb_old_content":"","_et_gb_content_width":"","footnotes":""},"class_list":["post-456","page","type-page","status-publish","hentry"],"_links":{"self":[{"href":"https:\/\/edielevator.com\/de\/wp-json\/wp\/v2\/pages\/456","targetHints":{"allow":["GET"]}}],"collection":[{"href":"https:\/\/edielevator.com\/de\/wp-json\/wp\/v2\/pages"}],"about":[{"href":"https:\/\/edielevator.com\/de\/wp-json\/wp\/v2\/types\/page"}],"author":[{"embeddable":true,"href":"https:\/\/edielevator.com\/de\/wp-json\/wp\/v2\/users\/1"}],"replies":[{"embeddable":true,"href":"https:\/\/edielevator.com\/de\/wp-json\/wp\/v2\/comments?post=456"}],"version-history":[{"count":2,"href":"https:\/\/edielevator.com\/de\/wp-json\/wp\/v2\/pages\/456\/revisions"}],"predecessor-version":[{"id":460,"href":"https:\/\/edielevator.com\/de\/wp-json\/wp\/v2\/pages\/456\/revisions\/460"}],"wp:attachment":[{"href":"https:\/\/edielevator.com\/de\/wp-json\/wp\/v2\/media?parent=456"}],"curies":[{"name":"wp","href":"https:\/\/api.w.org\/{rel}","templated":true}]}}