{"id":515,"date":"2025-03-25T11:48:03","date_gmt":"2025-03-25T10:48:03","guid":{"rendered":"https:\/\/edielevator.com\/cookies-politik\/"},"modified":"2025-04-01T08:26:58","modified_gmt":"2025-04-01T07:26:58","slug":"cookies-politik","status":"publish","type":"page","link":"https:\/\/edielevator.com\/de\/cookies-politik\/","title":{"rendered":"Cookies Politik"},"content":{"rendered":"<p>[et_pb_section fb_built=&#8220;1&#8243; _builder_version=&#8220;4.27.4&#8243; _module_preset=&#8220;default&#8220; global_colors_info=&#8220;{}&#8220;][et_pb_row _builder_version=&#8220;4.27.4&#8243; _module_preset=&#8220;default&#8220; global_colors_info=&#8220;{}&#8220;][et_pb_column type=&#8220;4_4&#8243; _builder_version=&#8220;4.27.4&#8243; _module_preset=&#8220;default&#8220; global_colors_info=&#8220;{}&#8220;][et_pb_text _builder_version=&#8220;4.27.4&#8243; _module_preset=&#8220;default&#8220; header_text_align=&#8220;center&#8220; global_colors_info=&#8220;{}&#8220;]<\/p>\n<h1>Cookies Politik<\/h1>\n<p>[\/et_pb_text][et_pb_text _builder_version=&#8220;4.27.4&#8243; _module_preset=&#8220;default&#8220; global_colors_info=&#8220;{}&#8220;]<\/p>\n<p><strong>EDI ELEVATOR<\/strong>, mit der Steuernummer B75284091, der eingetragenen Adresse C\/ Domingo Beltr\u00e1n de Otazu, 24 &#8211; 6D &#8211; 01012 (Vitoria), und der E-Mail-Adresse <a href=\"mailto:info@edielevator.com\">info@edielevator.com<\/a> auf eigene Rechnung oder die eines Dritten, der mit der Erbringung von Analyse-, Werbe- oder Interaktionsdiensten beauftragt wurde, verwendet Cookies, wenn der Nutzer die Website www.edielevator.com und ihre Subdomains (im Folgenden &#8222;die Website&#8220;) besucht.<\/p>\n<p>Diese Cookie-Richtlinie (nachfolgend die &#8222;Richtlinie&#8220;) beschreibt, welche Cookies, sowohl unsere eigenen als auch die von Dritten, wir verwenden und f\u00fcr welche Zwecke wir sie einsetzen. Sie erm\u00f6glicht es den Nutzern (nachfolgend die &#8222;Nutzer&#8220; oder einzeln als &#8222;Nutzer&#8220; bezeichnet), sie zu aktivieren, zu konfigurieren oder gegebenenfalls zu deaktivieren (obwohl einige Cookies f\u00fcr das ordnungsgem\u00e4\u00dfe Funktionieren unserer Website erforderlich sind).<\/p>\n<p>Ein Cookie ist eine Datei, die beim Zugriff auf bestimmte Websites auf den Computer des Nutzers heruntergeladen wird und es diesen unter anderem erm\u00f6glicht, Informationen \u00fcber die Surfgewohnheiten des Nutzers oder seines Ger\u00e4ts zu speichern und abzurufen, und je nach den darin enthaltenen Informationen und der Art und Weise, wie er sein Ger\u00e4t verwendet, k\u00f6nnen sie zur Wiedererkennung eines Nutzers verwendet werden.<\/p>\n<p><strong>Welche Cookies verwenden wir und f\u00fcr welche Zwecke setzen wir sie ein?<\/strong><\/p>\n<p>EDI ELEVATOR verwendet in seinem Online-Dienst Cookies und andere \u00e4hnliche Technologien, um die ordnungsgem\u00e4\u00dfe Nutzung des Dienstes zu erm\u00f6glichen und ihn f\u00fcr den Benutzer bequemer zu gestalten. Dar\u00fcber hinaus werden Cookies zur Analyse, \u00dcberwachung und Entwicklung des Dienstes sowie zur Erstellung und Zusendung von auf Ihre Interessen zugeschnittener Werbung verwendet.<br \/>Im Folgenden werden insbesondere die von dieser Website verwendeten Cookies sowie deren Zweck beschrieben:<\/p>\n<ul>\n<li><strong>Technische oder Browsing-Cookies<\/strong>: Dies sind Cookies, die, wenn sie von EDI ELEVATOR verarbeitet werden, es dem Nutzer erm\u00f6glichen, sich einzuloggen, so dass er auf der Website surfen kann, ohne st\u00e4ndig seine Daten eingeben zu m\u00fcssen, und die es uns erm\u00f6glichen, den vom Nutzer angeforderten Service sowie ein personalisiertes Surferlebnis anzubieten.<\/li>\n<li><strong>Dauerhafte Analyse-Cookies:<\/strong> Dies sind Cookies, die von Dritten verarbeitet werden und es uns erm\u00f6glichen, die Anzahl der Nutzer zu quantifizieren, ihr Surfverhalten zu analysieren und eine statistische Analyse der Nutzung unserer Dienste durch die Nutzer durchzuf\u00fchren. Zu diesem Zweck wird Ihr Surfverhalten auf unserer Website analysiert, um das Surferlebnis und die von uns angebotenen Dienste zu verbessern. Die mit Hilfe dieser Art von Cookies erhaltenen Daten bleiben auf dem Endger\u00e4t des Nutzers gespeichert und k\u00f6nnen bei jedem Zugriff auf die Website verarbeitet werden, bis die Cookies ablaufen oder der Nutzer sie l\u00f6scht.<\/li>\n<li><strong>Dauerhafte verhaltensbasierte Werbecookies: <\/strong>Dies sind Cookies, die von Dritten verarbeitet werden und es uns erm\u00f6glichen, die Effektivit\u00e4t von Werbung Dritter auf unserer Website zu verwalten und zu messen sowie dem Werbenetzwerk Informationen \u00fcber die Surfgewohnheiten des Nutzers auf unserer Website zu \u00fcbermitteln, um ihm Werbung entsprechend seinen Surfgewohnheiten zu zeigen, was die Erstellung eines spezifischen Profils erm\u00f6glicht.<\/li>\n<li><strong>Dauerhafte Interaktions-Cookies (Zendesk\/Zopim):<\/strong> Dies sind Cookies, die von Dritten verwaltet werden und die es uns erm\u00f6glichen, mit unseren Nutzern auf personalisierte und unmittelbare Weise \u00fcber ein Kontaktformular und einen Chat-Service zu interagieren.<\/li>\n<\/ul>\n<p>In Bezug auf Cookies von Drittanbietern empfehlen wir Ihnen, sich auf Ihrer Website \u00fcber diese Cookies zu informieren. Weder diese Website noch ihre gesetzlichen Vertreter sind verantwortlich f\u00fcr den Inhalt oder die Richtigkeit der Datenschutzrichtlinien, die diese Dritten auf ihren jeweiligen Websites haben.<\/p>\n<p>Da sich die Server einiger der oben aufgef\u00fchrten Dritten au\u00dferhalb des Europ\u00e4ischen Wirtschaftsraums befinden k\u00f6nnen, k\u00f6nnen Ihre Daten an solche Server in Drittl\u00e4ndern \u00fcbertragen werden. In diesem Zusammenhang garantiert EDI ELEVATOR jedoch, dass es geeignete Ma\u00dfnahmen und Sicherheitsvorkehrungen getroffen hat (einschlie\u00dflich des Abschlusses von Standardvertragsklauseln, sofern erforderlich), um ein Schutzniveau f\u00fcr Ihre Daten zu gew\u00e4hrleisten, das dem der Allgemeinen Datenschutzverordnung in der Europ\u00e4ischen Union entspricht.<\/p>\n<p>[\/et_pb_text][\/et_pb_column][\/et_pb_row][\/et_pb_section]<\/p>\n","protected":false},"excerpt":{"rendered":"<p>Cookies PolitikEDI ELEVATOR, mit der Steuernummer B75284091, der eingetragenen Adresse C\/ Domingo Beltr\u00e1n de Otazu, 24 &#8211; 6D &#8211; 01012 (Vitoria), und der E-Mail-Adresse info@edielevator.com auf eigene Rechnung oder die eines Dritten, der mit der Erbringung von Analyse-, Werbe- oder Interaktionsdiensten beauftragt wurde, verwendet Cookies, wenn der Nutzer die Website www.edielevator.com und ihre Subdomains (im [&hellip;]<\/p>\n","protected":false},"author":1,"featured_media":0,"parent":0,"menu_order":0,"comment_status":"closed","ping_status":"closed","template":"","meta":{"_et_pb_use_builder":"on","_et_pb_old_content":"","_et_gb_content_width":"","footnotes":""},"class_list":["post-515","page","type-page","status-publish","hentry"],"_links":{"self":[{"href":"https:\/\/edielevator.com\/de\/wp-json\/wp\/v2\/pages\/515","targetHints":{"allow":["GET"]}}],"collection":[{"href":"https:\/\/edielevator.com\/de\/wp-json\/wp\/v2\/pages"}],"about":[{"href":"https:\/\/edielevator.com\/de\/wp-json\/wp\/v2\/types\/page"}],"author":[{"embeddable":true,"href":"https:\/\/edielevator.com\/de\/wp-json\/wp\/v2\/users\/1"}],"replies":[{"embeddable":true,"href":"https:\/\/edielevator.com\/de\/wp-json\/wp\/v2\/comments?post=515"}],"version-history":[{"count":2,"href":"https:\/\/edielevator.com\/de\/wp-json\/wp\/v2\/pages\/515\/revisions"}],"predecessor-version":[{"id":517,"href":"https:\/\/edielevator.com\/de\/wp-json\/wp\/v2\/pages\/515\/revisions\/517"}],"wp:attachment":[{"href":"https:\/\/edielevator.com\/de\/wp-json\/wp\/v2\/media?parent=515"}],"curies":[{"name":"wp","href":"https:\/\/api.w.org\/{rel}","templated":true}]}}