{"id":518,"date":"2025-03-25T11:46:58","date_gmt":"2025-03-25T10:46:58","guid":{"rendered":"https:\/\/edielevator.com\/datenschutzbestimmungen\/"},"modified":"2025-04-01T08:27:00","modified_gmt":"2025-04-01T07:27:00","slug":"datenschutzbestimmungen","status":"publish","type":"page","link":"https:\/\/edielevator.com\/de\/datenschutzbestimmungen\/","title":{"rendered":"Datenschutzbestimmungen"},"content":{"rendered":"<p>[et_pb_section fb_built=&#8220;1&#8243; _builder_version=&#8220;4.27.4&#8243; _module_preset=&#8220;default&#8220; global_colors_info=&#8220;{}&#8220;][et_pb_row _builder_version=&#8220;4.27.4&#8243; _module_preset=&#8220;default&#8220; global_colors_info=&#8220;{}&#8220;][et_pb_column type=&#8220;4_4&#8243; _builder_version=&#8220;4.27.4&#8243; _module_preset=&#8220;default&#8220; global_colors_info=&#8220;{}&#8220;][et_pb_text _builder_version=&#8220;4.27.4&#8243; _module_preset=&#8220;default&#8220; header_text_align=&#8220;center&#8220; global_colors_info=&#8220;{}&#8220;]<\/p>\n<h1>Datenschutzbestimmungen<\/h1>\n<p>[\/et_pb_text][et_pb_text _builder_version=&#8220;4.27.4&#8243; _module_preset=&#8220;default&#8220; global_colors_info=&#8220;{}&#8220;]<\/p>\n<ol>\n<li><strong>Verantwortlicher f\u00fcr die Daten<\/strong>verarbeitung<br \/>Der Verantwortliche f\u00fcr die Verarbeitung Ihrer Daten ist EDI ELEVATOR S.L. mit C.I.F. B75284091, Sitz in der calle Domingo Beltr\u00e1n de Otazu, 24 &#8211; 6D &#8211; 01012 (Vitoria) und Kontakt-E-Mail-Adresse <a href=\"mailto:info@edielevator.com\">info@edielevator.com.<\/a><\/li>\n<li><strong>Verarbeitete personenbezogene Daten<br \/><\/strong>EDI ELEVATOR verarbeitet nur die personenbezogenen Daten, die f\u00fcr das korrekte Surfen auf der Website unbedingt erforderlich sind. Es werden folgende personenbezogene Daten verarbeitet:\n<ol>\n<li><strong>Browsing-Daten: <\/strong>Die f\u00fcr den Betrieb der Portale verwendeten Computersysteme und Softwareverfahren erfassen w\u00e4hrend ihres normalen Betriebs einige personenbezogene Daten, deren \u00dcbertragung in den Internet-Kommunikationsprotokollen implizit enthalten ist. Diese Informationen werden nicht gesammelt, um mit identifizierten Benutzern in Verbindung gebracht zu werden. Aufgrund ihrer Natur k\u00f6nnten sie jedoch durch die Verarbeitung und Verkn\u00fcpfung mit Daten im Besitz von Dritten die Identifizierung solcher Nutzer erm\u00f6glichen. Zu dieser Datenkategorie geh\u00f6ren die IP-Adressen oder Dom\u00e4nennamen der Computer, die von den Nutzern verwendet werden, die sich mit den Portalen verbinden, der URI (Uniform Resource Identifier) der angeforderten Ressourcen, die Uhrzeit der Anfrage, die Methode, mit der die Anfrage an den Server gesendet wurde, die Gr\u00f6\u00dfe der als Antwort erhaltenen Datei, der Zahlencode, der den Status der Serverantwort angibt (erfolgreich, Fehler usw.) und andere Parameter, die sich auf das Betriebssystem und die Computerumgebung beziehen. Diese Daten werden ausschlie\u00dflich dazu verwendet, anonyme statistische Informationen \u00fcber die Nutzung der Portale zu erhalten und ihr korrektes Funktionieren zu \u00fcberpr\u00fcfen, um Anomalien und\/oder Missbrauch zu erkennen, und werden nach der Verarbeitung sofort gel\u00f6scht. Die Daten k\u00f6nnten verwendet werden, um die Haftung im Falle hypothetischer Computerverbrechen gegen die Portale oder Dritte zu bestimmen.<\/li>\n<li><strong>Vom Interessenten freiwillig zur Verf\u00fcgung gestellte Daten: <\/strong>Wenn Sie ein registrierter Benutzer (&#8222;Kunde&#8220;) sind, werden Sie nach folgenden Daten gefragt: Vor- und Nachname, E-Mail-Adresse, Postanschrift, Telefonnummer, Rechnungsdaten, Geburtsdatum, Geschlecht. Bei Kunden, die juristische Personen sind, werden Firmenname, Postanschrift, Rechnungsdaten, Vor- und Nachname, E-Mail-Adresse und Telefonnummer des Vertreters ben\u00f6tigt.<\/li>\n<li><strong>Cookies: <\/strong>Die Portale verwenden analytische Cookies von Drittanbietern, um Ihnen Dienste anbieten zu k\u00f6nnen, die auf die Pr\u00e4ferenzen zugeschnitten sind, die Sie beim Surfen im Internet ge\u00e4u\u00dfert haben.<\/li>\n<\/ol>\n<\/li>\n<li><strong>Datenspeicherung<br \/><\/strong>EDI ELEVATOR speichert Ihre pers\u00f6nlichen Daten nur in dem Umfang, in dem wir sie ben\u00f6tigen, um sie f\u00fcr die Zwecke zu verwenden, f\u00fcr die sie erhoben wurden, und in \u00dcbereinstimmung mit der Rechtsgrundlage f\u00fcr ihre Verarbeitung in \u00dcbereinstimmung mit dem geltenden Recht. Ihre pers\u00f6nlichen Daten werden so lange aufbewahrt, wie eine vertragliche und\/oder gesch\u00e4ftliche Beziehung besteht oder solange Sie nicht von Ihrem Recht auf L\u00f6schung, Widerruf und\/oder Einschr\u00e4nkung der Verarbeitung Ihrer Daten Gebrauch machen.\n<p>Sobald die Beziehung zu Ihnen aus einem der oben genannten Gr\u00fcnde beendet ist, werden die Daten ordnungsgem\u00e4\u00df gesperrt, ohne dass sie f\u00fcr irgendeinen Zweck verwendet werden, solange sie f\u00fcr die Geltendmachung oder Verteidigung von Anspr\u00fcchen erforderlich sind oder solange sich aus ihrer Verarbeitung irgendeine Art von gerichtlicher, gesetzlicher oder vertraglicher Haftung ergibt, die erf\u00fcllt werden muss und f\u00fcr die ihre Wiederherstellung erforderlich ist.<\/p>\n<\/li>\n<li><strong>Rechte der betroffenen Personen<br \/><\/strong>Sie k\u00f6nnen jederzeit Ihre Rechte auf Auskunft, Berichtigung, L\u00f6schung, Einschr\u00e4nkung, Widerruf, \u00dcbertragbarkeit und Widerspruch in Bezug auf Ihre personenbezogenen Daten aus\u00fcben, indem Sie sich an EDI ELEVATOR wenden, dessen Kontaktdaten Sie unten finden:<br \/><strong>Eingetragener Firmensitz<\/strong>: Domingo Beltr\u00e1n de Otazu, 24 &#8211; 6D &#8211; 01012 (Vitoria)<br \/><strong>E-Mail Adresse<\/strong>: <a href=\"mailto:info@edielevator.com\">info@edielevator.com<\/a><br \/><strong>Telefon<\/strong>: +34 945 09 38 74\n<p>Im Falle von Streitigkeiten \u00fcber den Schutz Ihrer pers\u00f6nlichen Daten k\u00f6nnen Sie bei der AEPD (www.aepd.es) Beschwerde einlegen.<\/p>\n<\/li>\n<li><strong>\u00c4nderungen<br \/><\/strong>EDI ELEVATOR beh\u00e4lt sich das Recht vor, den Inhalt teilweise oder ganz zu \u00e4ndern oder einfach zu aktualisieren, auch aufgrund von \u00c4nderungen der geltenden Gesetzgebung. Wir laden Sie daher ein, diesen Abschnitt regelm\u00e4\u00dfig zu besuchen, um die neueste und aktuellste Version der Datenschutzrichtlinie zu erhalten, damit Sie immer \u00fcber die von EDI ELEVATOR erfassten und verwendeten Daten informiert sind.<\/li>\n<\/ol>\n<p>[\/et_pb_text][\/et_pb_column][\/et_pb_row][\/et_pb_section]<\/p>\n","protected":false},"excerpt":{"rendered":"<p>Datenschutzbestimmungen Verantwortlicher f\u00fcr die DatenverarbeitungDer Verantwortliche f\u00fcr die Verarbeitung Ihrer Daten ist EDI ELEVATOR S.L. mit C.I.F. B75284091, Sitz in der calle Domingo Beltr\u00e1n de Otazu, 24 &#8211; 6D &#8211; 01012 (Vitoria) und Kontakt-E-Mail-Adresse info@edielevator.com. Verarbeitete personenbezogene DatenEDI ELEVATOR verarbeitet nur die personenbezogenen Daten, die f\u00fcr das korrekte Surfen auf der Website unbedingt erforderlich sind. [&hellip;]<\/p>\n","protected":false},"author":1,"featured_media":0,"parent":0,"menu_order":0,"comment_status":"closed","ping_status":"closed","template":"","meta":{"_et_pb_use_builder":"on","_et_pb_old_content":"","_et_gb_content_width":"","footnotes":""},"class_list":["post-518","page","type-page","status-publish","hentry"],"_links":{"self":[{"href":"https:\/\/edielevator.com\/de\/wp-json\/wp\/v2\/pages\/518","targetHints":{"allow":["GET"]}}],"collection":[{"href":"https:\/\/edielevator.com\/de\/wp-json\/wp\/v2\/pages"}],"about":[{"href":"https:\/\/edielevator.com\/de\/wp-json\/wp\/v2\/types\/page"}],"author":[{"embeddable":true,"href":"https:\/\/edielevator.com\/de\/wp-json\/wp\/v2\/users\/1"}],"replies":[{"embeddable":true,"href":"https:\/\/edielevator.com\/de\/wp-json\/wp\/v2\/comments?post=518"}],"version-history":[{"count":2,"href":"https:\/\/edielevator.com\/de\/wp-json\/wp\/v2\/pages\/518\/revisions"}],"predecessor-version":[{"id":520,"href":"https:\/\/edielevator.com\/de\/wp-json\/wp\/v2\/pages\/518\/revisions\/520"}],"wp:attachment":[{"href":"https:\/\/edielevator.com\/de\/wp-json\/wp\/v2\/media?parent=518"}],"curies":[{"name":"wp","href":"https:\/\/api.w.org\/{rel}","templated":true}]}}