{"id":530,"date":"2025-03-25T11:47:17","date_gmt":"2025-03-25T10:47:17","guid":{"rendered":"https:\/\/edielevator.com\/bedingungen-und-konditionen\/"},"modified":"2025-04-01T08:35:08","modified_gmt":"2025-04-01T07:35:08","slug":"bedingungen-und-konditionen","status":"publish","type":"page","link":"https:\/\/edielevator.com\/de\/bedingungen-und-konditionen\/","title":{"rendered":"Bedingungen und Konditionen"},"content":{"rendered":"<p>[et_pb_section fb_built=&#8220;1&#8243; _builder_version=&#8220;4.27.4&#8243; _module_preset=&#8220;default&#8220; global_colors_info=&#8220;{}&#8220;][et_pb_row _builder_version=&#8220;4.27.4&#8243; _module_preset=&#8220;default&#8220; global_colors_info=&#8220;{}&#8220;][et_pb_column type=&#8220;4_4&#8243; _builder_version=&#8220;4.27.4&#8243; _module_preset=&#8220;default&#8220; global_colors_info=&#8220;{}&#8220;][et_pb_text _builder_version=&#8220;4.27.4&#8243; _module_preset=&#8220;default&#8220; global_colors_info=&#8220;{}&#8220;]<\/p>\n<h1 style=\"text-align: center;\">Bedingungen und Konditionen<\/h1>\n<p>[\/et_pb_text][et_pb_text _builder_version=&#8220;4.27.4&#8243; _module_preset=&#8220;default&#8220; global_colors_info=&#8220;{}&#8220;]<\/p>\n<p>Diese Allgemeinen Nutzungs- und Vertragsbedingungen (im Folgenden &#8222;die Allgemeinen Bedingungen&#8220;) regeln zusammen mit der Datenschutzrichtlinie und der Cookie-Richtlinie den Zugang und die Nutzung der Website <strong>www.edielevator.com<\/strong> und der zugeh\u00f6rigen mobilen iOS- \/ Android-Anwendungen (im Folgenden die &#8222;Portale&#8220;) sowie den Abschluss von Vertr\u00e4gen \u00fcber Produkte und\/oder Dienstleistungen \u00fcber diese. Der einfache Zugriff auf das Portal verleiht den Status eines Portalbenutzers (im Folgenden &#8222;Benutzer&#8220;) und setzt die Annahme aller in diesen Allgemeinen Gesch\u00e4ftsbedingungen enthaltenen Bedingungen voraus. Wenn der Nutzer mit diesen Allgemeinen Gesch\u00e4ftsbedingungen nicht einverstanden ist, muss er das Portal unverz\u00fcglich verlassen, ohne es zu nutzen.  <\/p>\n<p>Mit der Annahme dieser Allgemeinen Gesch\u00e4ftsbedingungen erkl\u00e4rt der Nutzer, dass er sie akzeptiert:<\/p>\n<ul>\n<li>dass Sie die obigen Angaben gelesen, verstanden und nachvollzogen haben.<\/li>\n<li>Dass er\/sie gem\u00e4\u00df den an seinem\/ihrem Wohnort geltenden Vorschriften vollj\u00e4hrig ist, andernfalls muss der\/die Minderj\u00e4hrige die Genehmigung seiner\/ihrer gesetzlichen Vertreter haben.<\/li>\n<li>dass er\/sie f\u00fcr den Fall, dass er\/sie ein Produkt und\/oder eine Dienstleistung in Auftrag geben m\u00f6chte, \u00fcber ausreichende Kapazit\u00e4ten verf\u00fcgt, um dies zu tun.<\/li>\n<li>dass er alle hierin festgelegten Verpflichtungen \u00fcbernimmt.<\/li>\n<\/ul>\n<p>Der Nutzer muss diese Allgemeinen Gesch\u00e4ftsbedingungen jedes Mal, wenn er auf das Portal zugreift, sorgf\u00e4ltig lesen, da das Portal und diese Allgemeinen Gesch\u00e4ftsbedingungen \u00c4nderungen unterliegen k\u00f6nnen.<\/p>\n<p>Der Eigent\u00fcmer des Portals beh\u00e4lt sich das Recht vor, jederzeit \u00c4nderungen oder Aktualisierungen an den Inhalten und Dienstleistungen, den vorliegenden Allgemeinen Gesch\u00e4ftsbedingungen und allgemein an allen Elementen vorzunehmen, die das Design und die Konfiguration des Portals ausmachen.<\/p>\n<p>Die \u00c4nderung dieser Allgemeinen Gesch\u00e4ftsbedingungen hat keine Auswirkungen auf Waren oder Werbeaktionen, die vor dieser \u00c4nderung gekauft wurden.<\/p>\n<p>F\u00fcr den Fall, dass EDI ELEVATOR eine Vertrauensperson mit der Verwahrung aufeinanderfolgender Versionen der Allgemeinen Gesch\u00e4ftsbedingungen betraut, erkennen beide Parteien als einzig g\u00fcltige Version dieser Bedingungen zu einem bestimmten Zeitpunkt diejenige an, die sich in der Datenbank der Vertrauensperson befindet.<\/p>\n<p>&nbsp;<\/p>\n<ol>\n<li><strong>  Allgemeine Informationen \u00fcber das Portal<\/strong><\/li>\n<\/ol>\n<p>Gem\u00e4\u00df den Bestimmungen von Artikel 10 des Gesetzes 34\/2002 vom 11. Juli \u00fcber die Dienste der Informationsgesellschaft und den elektronischen Gesch\u00e4ftsverkehr werden im Folgenden die allgemeinen Informationen \u00fcber das Portal aufgef\u00fchrt:<\/p>\n<p><strong>Eigent\u00fcmer: <\/strong>EDI ELEVATOR<br \/><strong>Firmensitz: <\/strong>C\/ Domingo Beltr\u00e1n de Otazu, 24 &#8211; 6D &#8211; 01012 (Vitoria)<br \/> C<strong>.I.F.: <\/strong>B75284091<br \/><strong>E-Mail: <\/strong>info@edielevator.com<br \/><strong>Telefon: 945 09 38 74<\/strong><\/p>\n<p>&nbsp;<\/p>\n<ol start=\"2\">\n<li><strong>  Bedingungen f\u00fcr die Nutzung<\/strong><\/li>\n<\/ol>\n<p><strong>2.1 Zugang zur Website <\/strong><\/p>\n<p>Der Zugang zur Website ist kostenlos, mit Ausnahme der Kosten f\u00fcr die Verbindung \u00fcber das Telekommunikationsnetz, die von dem vom Nutzer beauftragten Zugangsanbieter bereitgestellt werden.<\/p>\n<p><strong>2.2 Notwendigkeit der Registrierung <\/strong><\/p>\n<p>Die Nutzung bestimmter Dienste und Inhalte kann von der vorherigen Registrierung des Nutzers abh\u00e4ngig gemacht werden.<\/p>\n<p>Die vom Benutzer eingegebenen Daten m\u00fcssen korrekt, aktuell und wahrheitsgem\u00e4\u00df sein. Der registrierte Benutzer ist zu jeder Zeit f\u00fcr die sichere Aufbewahrung seines Passworts verantwortlich und tr\u00e4gt die Verantwortung f\u00fcr alle Sch\u00e4den, die sich aus der missbr\u00e4uchlichen Verwendung, der Weitergabe, der Offenlegung oder dem Verlust desselben ergeben k\u00f6nnen. In diesem Sinne gilt der Zugang zu gesch\u00fctzten Bereichen und\/oder die Nutzung von Diensten und Inhalten, die unter dem Passwort eines registrierten Nutzers erfolgen, als durch den registrierten Nutzer erfolgt, der in jedem Fall f\u00fcr diesen Zugang und diese Nutzung haftet.  <\/p>\n<p><strong>2.3 Regeln f\u00fcr die Verwendung <\/strong><\/p>\n<p>Der Nutzer verpflichtet sich, die Website und alle ihre Inhalte und Dienstleistungen in \u00dcbereinstimmung mit dem Gesetz, der Moral, der \u00f6ffentlichen Ordnung und diesen Allgemeinen Bedingungen zu nutzen. Ebenso verpflichtet sich der Nutzer, die Dienste und\/oder Inhalte des Portals in angemessener Weise zu nutzen und sie nicht f\u00fcr unerlaubte oder kriminelle Aktivit\u00e4ten zu verwenden, die die Rechte Dritter verletzen und\/oder gegen die Vorschriften \u00fcber geistiges und gewerbliches Eigentum oder andere geltende gesetzliche Bestimmungen versto\u00dfen. <\/p>\n<p>Der Nutzer verpflichtet sich, keine Materialien und Informationen (Daten, Inhalte, Nachrichten, Zeichnungen, Ton- und Bilddateien, Fotos, Software usw.) zu \u00fcbermitteln, einzuf\u00fchren, zu verbreiten oder Dritten zur Verf\u00fcgung zu stellen, die gegen das Gesetz, die Moral, die \u00f6ffentliche Ordnung und die vorliegenden Allgemeinen Bedingungen versto\u00dfen. Der Benutzer verpflichtet sich beispielsweise und ohne jegliche Einschr\u00e4nkung oder Ausschluss dazu, Folgendes zu tun: <\/p>\n<p>I.- Keine Inhalte oder Propaganda rassistischer, fremdenfeindlicher oder pornografischer Natur einzuf\u00fchren oder zu verbreiten, die Terrorismus bef\u00fcrworten oder die Menschenrechte verletzen.<\/p>\n<p>II.- Keine Datenprogramme (Viren und sch\u00e4dliche Software) in das Netz einzuf\u00fchren oder zu verbreiten, die geeignet sind, die Computersysteme des Zugangsanbieters, seiner Lieferanten oder von Drittnutzern des Internetnetzes zu sch\u00e4digen.<\/p>\n<p>III. keine Informationen, Elemente oder Inhalte zu verbreiten, zu \u00fcbermitteln oder Dritten zug\u00e4nglich zu machen, die die in der Verfassung und in internationalen Vertr\u00e4gen anerkannten Grundrechte und \u00f6ffentlichen Freiheiten verletzen.<\/p>\n<p>IV. keine Informationen, Elemente oder Inhalte zu verbreiten, zu \u00fcbertragen oder Dritten zur Verf\u00fcgung zu stellen, die eine unzul\u00e4ssige oder unlautere Werbung darstellen.<\/p>\n<p>V.- Keine unaufgeforderte oder unerlaubte Werbung, kein Werbematerial, keine &#8222;Junk-Mail&#8220;, keine &#8222;Kettenbriefe&#8220;, keine &#8222;Schneeballsysteme&#8220; oder andere Formen der Aufforderung zu \u00fcbermitteln, au\u00dfer in den Bereichen (wie z.B. in den Gesch\u00e4ftsr\u00e4umen), die ausschlie\u00dflich f\u00fcr diesen Zweck vorgesehen sind.<\/p>\n<p>VI. keine falschen, zweideutigen oder ungenauen Informationen und Inhalte in einer Weise einzuf\u00fchren oder zu verbreiten, die die Empf\u00e4nger der Informationen in die Irre f\u00fchrt.<\/p>\n<p>VII. sich nicht als andere Benutzer auszugeben, indem Sie deren Registrierungscodes f\u00fcr die verschiedenen Dienste und\/oder Inhalte des Portals verwenden.<\/p>\n<p>VIII. keine Informationen, Elemente oder Inhalte zu verbreiten, zu \u00fcbermitteln oder Dritten zur Verf\u00fcgung zu stellen, die eine Verletzung der geistigen und gewerblichen Eigentumsrechte, Patente, Marken oder Urheberrechte darstellen, die den Eigent\u00fcmern des Portals oder Dritten zustehen.<\/p>\n<p>IX. keine Informationen, Elemente oder Inhalte zu verbreiten, zu \u00fcbermitteln oder Dritten zur Verf\u00fcgung zu stellen, die gegen das Kommunikationsgeheimnis und das Gesetz \u00fcber personenbezogene Daten versto\u00dfen.<\/p>\n<p>Die Nutzer verpflichten sich, EDI ELEVATOR von jeglichen Anspr\u00fcchen, Bu\u00dfgeldern, Strafen oder Sanktionen freizustellen, die sie aufgrund der Nichteinhaltung einer der vorgenannten Nutzungsregeln durch die Nutzer zu tragen haben, und EDI ELEVATOR beh\u00e4lt sich au\u00dferdem das Recht vor, den entsprechenden Schadensersatz zu verlangen.<\/p>\n<p><strong>Ausschluss der Haftung <\/strong><\/p>\n<p>Der Zugriff des Nutzers auf das Portal verpflichtet EDI ELEVATOR nicht dazu, das Vorhandensein von Viren, W\u00fcrmern oder anderen sch\u00e4dlichen Computerelementen zu \u00fcberpr\u00fcfen. Es liegt in jedem Fall in der Verantwortung des Nutzers, f\u00fcr die Verf\u00fcgbarkeit geeigneter Tools zur Erkennung und Desinfektion von sch\u00e4dlichen Computerprogrammen zu sorgen. <\/p>\n<p>EDI ELEVATOR \u00fcbernimmt keine Haftung f\u00fcr Sch\u00e4den, die an der Software und der Computerausr\u00fcstung von Nutzern oder Dritten w\u00e4hrend der Nutzung der auf der Website angebotenen Dienste entstehen.<\/p>\n<p>EDI ELEVATOR \u00fcbernimmt keine Haftung f\u00fcr Sch\u00e4den jeglicher Art, die dem Nutzer infolge von St\u00f6rungen oder Unterbrechungen in den Telekommunikationsnetzen entstehen, die zur Aussetzung, Annullierung oder Unterbrechung des Portaldienstes w\u00e4hrend oder vor der Bereitstellung desselben f\u00fchren.<\/p>\n<ol start=\"3\">\n<li><strong>  Bedingungen und Konditionen<\/strong><\/li>\n<\/ol>\n<p><strong>3.1 Benutzerregistrierung <\/strong><\/p>\n<p>Die Nutzung der von EDI ELEVATOR angebotenen Dienste setzt voraus, dass sich der Nutzer auf der Website registriert.<\/p>\n<p>Der Nutzer muss sich registrieren, indem er seinen vollst\u00e4ndigen Namen und seine E-Mail-Adresse angibt. Sobald die Registrierung abgeschlossen ist, wird eine Nachricht an das angegebene E-Mail-Konto mit einem Link gesendet, dem der Nutzer folgen muss, um zu best\u00e4tigen, dass er Zugang dazu hat. <\/p>\n<p>In jedem Fall muss der Nutzer die vorliegenden Allgemeinen Bedingungen sowie die Datenschutz- und die Cookie-Richtlinie akzeptieren.<\/p>\n<p>Sobald der Benutzer korrekt auf der Website registriert ist, kann er jederzeit auf &#8222;Mein Konto&#8220; zugreifen. \u00dcber &#8222;Mein Konto&#8220; kann der Nutzer seine pers\u00f6nlichen Daten sowie die Daten in Bezug auf den Versand von Bestellungen \u00e4ndern und \u00fcberpr\u00fcfen, ob er Bestellungen hat, deren Lieferung noch aussteht. <\/p>\n<p><strong>3.2 Bedingungen f\u00fcr den Versand <\/strong><\/p>\n<p>EDI ELEVATOR liefert seine Produkte nur nach: Festland Spanien.<\/p>\n<p>Der Kauf von Produkten \u00fcber das Portal unterliegt der Zahlung von Versandkosten, die vom K\u00e4ufer zu tragen sind.<\/p>\n<p>Die Versandkosten h\u00e4ngen vom Bestimmungsort und der Anzahl der gekauften Produkte ab, wie in der Tabelle unten angegeben. In jedem Fall werden die tats\u00e4chlichen Versandkosten w\u00e4hrend des Kaufvorgangs detailliert angegeben, und der K\u00e4ufer hat die M\u00f6glichkeit, diese Kosten zu \u00fcberpr\u00fcfen, bevor er seinen Kauf abschlie\u00dft. EDI ELEVATOR kann nicht f\u00fcr Verz\u00f6gerungen bei der Lieferung von Bestellungen verantwortlich gemacht werden, die auf Ursachen zur\u00fcckzuf\u00fchren sind, die EDI ELEVATOR nicht direkt zuzuschreiben sind, sowie auf h\u00f6here Gewalt.  <\/p>\n<p><strong>3.3 Bearbeitung der Bestellung<\/strong><\/p>\n<p>Sobald sich die Produkte, die der Nutzer kaufen m\u00f6chte, im Warenkorb befinden, kann der Nutzer mit der Bearbeitung der Bestellung beginnen, indem er die Option &#8222;Warenkorb ansehen&#8220; w\u00e4hlt, die dem Nutzer den Inhalt des virtuellen Warenkorbs anzeigt und es ihm erm\u00f6glicht, die ausgew\u00e4hlten Produkte zu \u00e4ndern und sie aus dem Warenkorb zu entfernen.<\/p>\n<p>Der Nutzer muss sich vergewissern, dass die auf dem Bildschirm angezeigten Produkte die sind, die er kaufen m\u00f6chte, und aus den aufgef\u00fchrten geografischen Gebieten dasjenige ausw\u00e4hlen, das der Lieferadresse entspricht.<\/p>\n<p><strong>3.4. preis der produkte <\/strong><\/p>\n<p>Die Preise der Produkte sind die, die in der beigef\u00fcgten Produktbeschreibung angegeben sind. Alle in der Produktbeschreibung angegebenen Preise sind in der W\u00e4hrung Euro (\u20ac) ausgedr\u00fcckt und enthalten die Mehrwertsteuer (MwSt.). <\/p>\n<p><strong>3.5 Zahlungsweise <\/strong><\/p>\n<p>Der Kauf von Produkten \u00fcber das EDI ELEVATOR Gateway erm\u00f6glicht die folgenden Zahlungsarten:<\/p>\n<p>&#8211; Zahlung per <strong>Debit- oder Kreditkarte<\/strong> (VISA, MASTERCARD und AMERICAN EXPRESS) \u00fcber einen virtuellen POS.<\/p>\n<p>Um die Kreditkarte \u00fcber ein virtuelles POS zu verwenden, muss der K\u00e4ufer ein Formular ausf\u00fcllen, in dem der Name des Karteninhabers, der Kartentyp, das Ablaufdatum der Karte und der Sicherheitscode angegeben werden.<\/p>\n<p>EDI ELEVATOR hat keinen Zugang zu den mit dem Zahlungsmittel verbundenen Bankdaten und kennt oder speichert diese Daten w\u00e4hrend des Zahlungsvorgangs nicht.<br \/>&#8211; <strong>Zahlung per Bank\u00fcberweisung. <\/strong>Die Kontodaten lauten:<\/p>\n<p><strong>BANK: <\/strong>BBVA<strong><br \/>IBAN: <\/strong>ES66 0182 0702 39 0201644578<\/p>\n<p><strong>EIGENT\u00dcMER: <\/strong>EDI ELEVATOR S.L.<\/p>\n<p><strong>3.6 Best\u00e4tigung des Eingangs der Annahme <\/strong><\/p>\n<p>Sobald der Kaufvorgang abgeschlossen ist, erh\u00e4lt der Nutzer an die im Registrierungsformular angegebene E-Mail-Adresse eine Mitteilung, in der die Eigenschaften des Produkts, der Preis, die gew\u00e4hlte Versandart, das Kaufdatum, die Bestellnummer und das Lieferdatum angegeben sind. Ebenso wird ein permanenter Link zu den vorliegenden Vertragsbedingungen an die vom Nutzer angegebene E-Mail-Adresse gesendet. <\/p>\n<p><strong>3.7 Recht auf Widerruf <\/strong><\/p>\n<p>Der K\u00e4ufer verf\u00fcgt in jedem Fall \u00fcber eine Frist von vierzehn (14) Kalendertagen nach Erhalt des Produkts, um von seinem Widerrufsrecht Gebrauch zu machen, ohne daf\u00fcr Gr\u00fcnde angeben zu m\u00fcssen oder eine Strafe zahlen zu m\u00fcssen.<\/p>\n<p>Gem\u00e4\u00df Artikel 102.d) des K\u00f6niglichen Gesetzesdekrets 1\/2007 vom 16. November, mit dem der \u00fcberarbeitete Text des Allgemeinen Gesetzes zum Schutz von Verbrauchern und Nutzern und anderer erg\u00e4nzender Gesetze verabschiedet wurde, ist die Lieferung von Waren, die schnell verderben oder ablaufen k\u00f6nnen, nicht anwendbar.<\/p>\n<p>Der K\u00e4ufer muss seinen Willen zum R\u00fccktritt innerhalb der angegebenen Frist \u00e4u\u00dfern und das Produkt zur\u00fcckgeben.<\/p>\n<ol start=\"4\">\n<li><strong>R\u00fcckgaberecht<\/strong><\/li>\n<\/ol>\n<p>Wir bei EDI ELEVATORS m\u00f6chten, dass unsere Kunden mit ihrem Kauf vollkommen zufrieden sind. Sollten Sie aus irgendeinem Grund mit Ihrer Bestellung nicht zufrieden sein, bieten wir Ihnen ein flexibles R\u00fcckgaberecht, damit Sie sich keine Sorgen machen m\u00fcssen. <\/p>\n<p><strong>4.1 Frist f\u00fcr die R\u00fcckgabe <\/strong><\/p>\n<p>Sie haben eine Frist von 15 Tagen ab Erhalt des Produkts, um eine R\u00fcckgabe oder einen Umtausch zu beantragen. Nach Ablauf dieser Frist k\u00f6nnen wir keine R\u00fccksendungen mehr annehmen. <\/p>\n<p><strong>4.2 Bedingungen f\u00fcr die R\u00fcckgabe<\/strong><\/p>\n<p>Damit eine R\u00fcckgabe akzeptiert wird, muss das Produkt die folgenden Anforderungen erf\u00fcllen:<\/p>\n<ul>\n<li>In einwandfreiem Zustand sein, ohne Anzeichen von Gebrauch, Besch\u00e4digung oder Ver\u00e4nderung.<\/li>\n<li>Legen Sie alle Zubeh\u00f6rteile, Handb\u00fccher und die Originalverpackung in gutem Zustand bei.<\/li>\n<li>Legen Sie den Kaufbeleg oder die Rechnung vor.<\/li>\n<\/ul>\n<p>Wir behalten uns das Recht vor, R\u00fccksendungen, die diesen Bedingungen nicht entsprechen, abzulehnen.<\/p>\n<p><strong>4.3 Produkte, die nicht zur\u00fcckgegeben werden k\u00f6nnen<\/strong><\/p>\n<p>In den folgenden F\u00e4llen werden keine Erstattungen akzeptiert:<\/p>\n<ul>\n<li>Ma\u00dfgeschneiderte Produkte oder Produkte, die auf Bestellung hergestellt werden.<\/li>\n<li>Ausverkaufs- oder Ausverkaufsartikel (es sei denn, sie weisen einen Verarbeitungsfehler auf).<\/li>\n<li>Produkte, die unsachgem\u00e4\u00df installiert oder verwendet wurden.<\/li>\n<\/ul>\n<p><strong>4.4 R\u00fcckgabeprozess<\/strong><\/p>\n<p>Um eine R\u00fcckerstattung zu beantragen, folgen Sie bitte diesen Schritten:<\/p>\n<p>&#8211; Kontaktieren Sie uns unter info@edielevators.com und geben Sie die Bestellnummer und den Grund f\u00fcr die R\u00fccksendung an.<\/p>\n<p>&#8211; Bitte warten Sie auf unsere Best\u00e4tigung und Anweisungen f\u00fcr den Versand des Produkts.<\/p>\n<p>&#8211; Verpacken Sie das Produkt sicher und senden Sie es an die angegebene Adresse. Die Kosten f\u00fcr die R\u00fccksendung gehen zu Lasten des Kunden, es sei denn, es handelt sich um defekte Produkte oder Fehler in der Bestellung. <\/p>\n<p>\u00dcberpr\u00fcfung und R\u00fcckerstattung: Sobald wir das Produkt erhalten haben, pr\u00fcfen wir seinen Zustand und bearbeiten die R\u00fcckerstattung innerhalb von 7 Tagen mit derselben Zahlungsmethode, die Sie f\u00fcr den Kauf verwendet haben.<\/p>\n<p><strong>4.5 R\u00fccksendungen f\u00fcr mangelhafte Waren oder Bestellfehler<\/strong><\/p>\n<p>Sollten Sie ein fehlerhaftes oder falsches Produkt erhalten, kontaktieren Sie uns bitte innerhalb von 7 Tagen nach Erhalt. In diesen F\u00e4llen \u00fcbernehmen wir die Kosten f\u00fcr die R\u00fccksendung und bieten Ihnen die M\u00f6glichkeit eines Ersatzes oder einer vollst\u00e4ndigen R\u00fcckerstattung. <\/p>\n<p><strong>4.6 Kontakt<\/strong><\/p>\n<p>Wenn Sie Fragen zu unserem R\u00fcckgaberecht haben, schreiben Sie an info@edielevators oder rufen Sie uns an unter 945 09 38 74. Wir helfen Ihnen gerne weiter. <\/p>\n<ol start=\"5\">\n<li><strong>Ung\u00fcltigkeit und Unwirksamkeit von Klauseln<\/strong><\/li>\n<\/ol>\n<p>Sollte eine in diesen Allgemeinen Bedingungen enthaltene Klausel ganz oder teilweise f\u00fcr nichtig oder unwirksam erkl\u00e4rt werden, so betrifft diese Nichtigkeit oder Unwirksamkeit nur diese Bestimmung oder den Teil davon, der nichtig oder unwirksam ist, und diese Allgemeinen Bedingungen bleiben im \u00dcbrigen in Kraft, und diese Bestimmung gilt ganz oder teilweise als nicht enthalten.<\/p>\n<p>&nbsp;<\/p>\n<ol start=\"6\">\n<li><strong>  Anwendbares Recht und zust\u00e4ndige Gerichtsbarkeit<\/strong><\/li>\n<\/ol>\n<p>Gem\u00e4\u00df der EU-Verordnung Nr. 524\/2013 informieren wir Sie dar\u00fcber, dass Sie das Recht haben, eine au\u00dfergerichtliche Beilegung von Verbraucherstreitigkeiten mit uns zu beantragen, die \u00fcber die Internetadresse <a href=\"https:\/\/ec.europa.eu\/consumers\/odr\/\">https:\/\/ec.europa.eu\/consumers\/odr\/ zug\u00e4nglich ist .<\/a><\/p>\n<p>Die vorliegenden Allgemeinen Gesch\u00e4ftsbedingungen werden gem\u00e4\u00df der spanischen Gesetzgebung geregelt und ausgelegt. EDI ELEVATOR und der Nutzer vereinbaren, alle Streitigkeiten, die sich aus der Bereitstellung der Produkte oder Dienstleistungen ergeben, die unter diese Allgemeinen Gesch\u00e4ftsbedingungen fallen, den Gerichten am Wohnsitz des Nutzers vorzulegen. <\/p>\n<p>[\/et_pb_text][\/et_pb_column][\/et_pb_row][\/et_pb_section]<\/p>\n","protected":false},"excerpt":{"rendered":"<p>Bedingungen und KonditionenDiese Allgemeinen Nutzungs- und Vertragsbedingungen (im Folgenden &#8222;die Allgemeinen Bedingungen&#8220;) regeln zusammen mit der Datenschutzrichtlinie und der Cookie-Richtlinie den Zugang und die Nutzung der Website www.edielevator.com und der zugeh\u00f6rigen mobilen iOS- \/ Android-Anwendungen (im Folgenden die &#8222;Portale&#8220;) sowie den Abschluss von Vertr\u00e4gen \u00fcber Produkte und\/oder Dienstleistungen \u00fcber diese. Der einfache Zugriff auf das [&hellip;]<\/p>\n","protected":false},"author":1,"featured_media":0,"parent":0,"menu_order":0,"comment_status":"closed","ping_status":"closed","template":"","meta":{"_et_pb_use_builder":"on","_et_pb_old_content":"","_et_gb_content_width":"","footnotes":""},"class_list":["post-530","page","type-page","status-publish","hentry"],"_links":{"self":[{"href":"https:\/\/edielevator.com\/de\/wp-json\/wp\/v2\/pages\/530","targetHints":{"allow":["GET"]}}],"collection":[{"href":"https:\/\/edielevator.com\/de\/wp-json\/wp\/v2\/pages"}],"about":[{"href":"https:\/\/edielevator.com\/de\/wp-json\/wp\/v2\/types\/page"}],"author":[{"embeddable":true,"href":"https:\/\/edielevator.com\/de\/wp-json\/wp\/v2\/users\/1"}],"replies":[{"embeddable":true,"href":"https:\/\/edielevator.com\/de\/wp-json\/wp\/v2\/comments?post=530"}],"version-history":[{"count":2,"href":"https:\/\/edielevator.com\/de\/wp-json\/wp\/v2\/pages\/530\/revisions"}],"predecessor-version":[{"id":532,"href":"https:\/\/edielevator.com\/de\/wp-json\/wp\/v2\/pages\/530\/revisions\/532"}],"wp:attachment":[{"href":"https:\/\/edielevator.com\/de\/wp-json\/wp\/v2\/media?parent=530"}],"curies":[{"name":"wp","href":"https:\/\/api.w.org\/{rel}","templated":true}]}}