{"id":500,"date":"2025-03-19T10:03:08","date_gmt":"2025-03-19T09:03:08","guid":{"rendered":"https:\/\/edielevator.com\/producto\/easytrans-anhaengerkupplung\/"},"modified":"2025-04-01T08:44:32","modified_gmt":"2025-04-01T07:44:32","slug":"easytrans-anhaengerkupplung","status":"publish","type":"product","link":"https:\/\/edielevator.com\/de\/producto\/easytrans-anhaengerkupplung\/","title":{"rendered":"EasyTrans"},"content":{"rendered":"<p>[et_pb_section fb_built=&#8220;1&#8243; _builder_version=&#8220;4.16&#8243; custom_padding=&#8220;0px||||false|false&#8220; global_colors_info=&#8220;{}&#8220;][et_pb_row _builder_version=&#8220;4.16&#8243; background_size=&#8220;initial&#8220; background_position=&#8220;top_left&#8220; background_repeat=&#8220;repeat&#8220; width=&#8220;100%&#8220; custom_padding=&#8220;0px||0px||false|false&#8220; global_colors_info=&#8220;{}&#8220;][et_pb_column type=&#8220;4_4&#8243; _builder_version=&#8220;4.16&#8243; custom_padding=&#8220;|||&#8220; global_colors_info=&#8220;{}&#8220; custom_padding__hover=&#8220;|||&#8220;][et_pb_wc_breadcrumb _builder_version=&#8220;4.16&#8243; global_colors_info=&#8220;{}&#8220;][\/et_pb_wc_breadcrumb][et_pb_wc_cart_notice _builder_version=&#8220;4.16&#8243; global_colors_info=&#8220;{}&#8220;][\/et_pb_wc_cart_notice][\/et_pb_column][\/et_pb_row][et_pb_row column_structure=&#8220;1_2,1_2&#8243; _builder_version=&#8220;4.16&#8243; background_size=&#8220;initial&#8220; background_position=&#8220;top_left&#8220; background_repeat=&#8220;repeat&#8220; width=&#8220;100%&#8220; custom_padding=&#8220;0px||||false|false&#8220; global_colors_info=&#8220;{}&#8220;][et_pb_column type=&#8220;1_2&#8243; _builder_version=&#8220;4.16&#8243; custom_padding=&#8220;|||&#8220; global_colors_info=&#8220;{}&#8220; custom_padding__hover=&#8220;|||&#8220;][et_pb_wc_images show_product_gallery=&#8220;off&#8220; _builder_version=&#8220;4.27.4&#8243; global_colors_info=&#8220;{}&#8220;][\/et_pb_wc_images][\/et_pb_column][et_pb_column type=&#8220;1_2&#8243; _builder_version=&#8220;4.16&#8243; custom_padding=&#8220;|||&#8220; global_colors_info=&#8220;{}&#8220; custom_padding__hover=&#8220;|||&#8220;][et_pb_wc_title _builder_version=&#8220;4.16&#8243; global_colors_info=&#8220;{}&#8220;][\/et_pb_wc_title][et_pb_wc_rating _builder_version=&#8220;4.16&#8243; global_colors_info=&#8220;{}&#8220;][\/et_pb_wc_rating][et_pb_wc_price _builder_version=&#8220;4.27.4&#8243; custom_margin=&#8220;||||false|false&#8220; global_colors_info=&#8220;{}&#8220;][\/et_pb_wc_price][et_pb_wc_description _builder_version=&#8220;4.27.4&#8243; global_colors_info=&#8220;{}&#8220;][\/et_pb_wc_description][et_pb_wc_add_to_cart _builder_version=&#8220;4.16&#8243; global_colors_info=&#8220;{}&#8220;][\/et_pb_wc_add_to_cart][\/et_pb_column][\/et_pb_row][et_pb_row _builder_version=&#8220;4.27.4&#8243; _module_preset=&#8220;default&#8220; width=&#8220;100%&#8220; global_colors_info=&#8220;{}&#8220;][et_pb_column type=&#8220;4_4&#8243; _builder_version=&#8220;4.27.4&#8243; _module_preset=&#8220;default&#8220; global_colors_info=&#8220;{}&#8220;][et_pb_wc_images show_product_image=&#8220;off&#8220; show_sale_badge=&#8220;off&#8220; _builder_version=&#8220;4.27.4&#8243; global_colors_info=&#8220;{}&#8220;][\/et_pb_wc_images][et_pb_wc_tabs module_id=&#8220;desc&#8220; _builder_version=&#8220;4.27.4&#8243; global_colors_info=&#8220;{}&#8220;]\t\t\t\t\t[\/et_pb_wc_tabs][\/et_pb_column][\/et_pb_row][\/et_pb_section]<\/p>\n","protected":false},"excerpt":{"rendered":"<p>Entdecken Sie die Freiheit, Ihren elektrischen Rollstuhl oder Scooter mit EasyTrans, unserer Anh\u00e4ngerkupplung der neuesten Generation, \u00fcberallhin mitzunehmen.<\/p>\n<p><span style=\"text-decoration: underline;\">KOSTENLOSE Lieferung auf das spanische Festland.<\/span><\/p>\n<p><span style=\"text-decoration: underline;\">Sondertarife f\u00fcr Vereine.<\/span><\/p>\n<p><a href=\"#desc\"><strong>Siehe<\/strong> <strong>Technische Merkmale<\/strong><\/a><\/p>\n<p><a href=\"https:\/\/edielevator.com\/de\/easytrans-vermietung\/\"><strong>EasyTrans mieten<\/strong><\/a><\/p>\n","protected":false},"featured_media":347,"comment_status":"closed","ping_status":"closed","template":"","meta":{"_et_pb_use_builder":"on","_et_pb_old_content":"<h2>Technische Merkmale<\/h2>\r\n<ul>\r\n \t<li><strong>Anpassungsf\u00e4higkeit:<\/strong>\r\n<ul>\r\n \t<li>Spezielle Ausr\u00fcstung f\u00fcr elektrische Rollst\u00fchle und Scooter.<\/li>\r\n \t<li>M\u00f6glichkeit der Anpassung f\u00fcr den Transport von Motorr\u00e4dern und Fahrr\u00e4dern, was Ihre Mobilit\u00e4tsm\u00f6glichkeiten erweitert.<\/li>\r\n<\/ul>\r\n<\/li>\r\n \t<li><strong>Benutzerfreundlichkeit:<\/strong>\r\n<ul>\r\n \t<li>Schnelle und einfache Installation, so dass Sie im Handumdrehen loslegen k\u00f6nnen.<\/li>\r\n \t<li>Die Basis ist an die Abmessungen der Ladung (Abstand zwischen den R\u00e4dern) anpassbar und garantiert so eine perfekte Passform.<\/li>\r\n \t<li>Geeignet f\u00fcr alle Kupplungskugelh\u00f6hen.<\/li>\r\n<\/ul>\r\n<\/li>\r\n \t<li><strong>Robustheit und Leichtigkeit:<\/strong>\r\n<ul>\r\n \t<li>Robuste Konstruktion, um die Sicherheit Ihrer Fracht zu gew\u00e4hrleisten.<\/li>\r\n \t<li>Durch sein geringes Gewicht ist er leicht zu handhaben und wirkt sich positiv auf den Kraftstoffverbrauch Ihres Fahrzeugs aus.<\/li>\r\n \t<li>Kleines Faltvolumen f\u00fcr einfache Aufbewahrung.<\/li>\r\n<\/ul>\r\n<\/li>\r\n \t<li><strong>Leistung und Sicherheit:<\/strong>\r\n<ul>\r\n \t<li>Maximale Abmessungen der Plattform: 68 cm x 100 cm.<\/li>\r\n \t<li>Tragf\u00e4higkeit bis zu 120 kg.<\/li>\r\n \t<li>Vorzugsweise mit elektrischem Antrieb, mit 12 oder 24 Volt Optionen.<\/li>\r\n \t<li>Flexible Stromversorgung: \u00fcber einen externen Mini-Akku oder aus dem Fahrzeug selbst.<\/li>\r\n \t<li>Standardm\u00e4\u00dfige vertikale Bewegungszeit von 30 Sekunden, mit der M\u00f6glichkeit zur Anpassung.<\/li>\r\n \t<li>Anti-Diebstahl-Sicherheitssystem zum Schutz Ihrer Investition.<\/li>\r\n \t<li>Sicherheitssystem gegen umst\u00fcrzende Lasten.<\/li>\r\n<\/ul>\r\n<\/li>\r\n<\/ul>\r\n<strong>Zus\u00e4tzliche Vorteile<\/strong>\r\n<ul>\r\n \t<li><strong>Vielseitigkeit:<\/strong> Diese Anh\u00e4ngerkupplung ist nicht nur ideal f\u00fcr Rollst\u00fchle und Scooter, sondern kann auch f\u00fcr den Transport von Motorr\u00e4dern und Fahrr\u00e4dern angepasst werden, was sie zu einer kompletten Mobilit\u00e4tsl\u00f6sung macht.<\/li>\r\n \t<li><strong>Komfort:<\/strong> Der elektrische Antrieb und die einfache Installation machen das Be- und Entladen Ihres Mobilit\u00e4tsger\u00e4ts zu einer einfachen und m\u00fchelosen Aufgabe.<\/li>\r\n \t<li><strong>Sicherheit:<\/strong> Diebstahl- und Kippsicherheitsmerkmale geben Ihnen Sicherheit beim Transport.<\/li>\r\n<\/ul>","_et_gb_content_width":""},"product_brand":[],"product_cat":[34],"product_tag":[],"class_list":{"0":"post-500","1":"product","2":"type-product","3":"status-publish","4":"has-post-thumbnail","6":"product_cat-nicht-kategorisiert","8":"first","9":"instock","10":"taxable","11":"shipping-taxable","12":"purchasable","13":"product-type-simple"},"_links":{"self":[{"href":"https:\/\/edielevator.com\/de\/wp-json\/wp\/v2\/product\/500","targetHints":{"allow":["GET"]}}],"collection":[{"href":"https:\/\/edielevator.com\/de\/wp-json\/wp\/v2\/product"}],"about":[{"href":"https:\/\/edielevator.com\/de\/wp-json\/wp\/v2\/types\/product"}],"replies":[{"embeddable":true,"href":"https:\/\/edielevator.com\/de\/wp-json\/wp\/v2\/comments?post=500"}],"wp:featuredmedia":[{"embeddable":true,"href":"https:\/\/edielevator.com\/de\/wp-json\/wp\/v2\/media\/347"}],"wp:attachment":[{"href":"https:\/\/edielevator.com\/de\/wp-json\/wp\/v2\/media?parent=500"}],"wp:term":[{"taxonomy":"product_brand","embeddable":true,"href":"https:\/\/edielevator.com\/de\/wp-json\/wp\/v2\/product_brand?post=500"},{"taxonomy":"product_cat","embeddable":true,"href":"https:\/\/edielevator.com\/de\/wp-json\/wp\/v2\/product_cat?post=500"},{"taxonomy":"product_tag","embeddable":true,"href":"https:\/\/edielevator.com\/de\/wp-json\/wp\/v2\/product_tag?post=500"}],"curies":[{"name":"wp","href":"https:\/\/api.w.org\/{rel}","templated":true}]}}